{"id":2094,"date":"2024-05-25T16:53:46","date_gmt":"2024-05-25T16:53:46","guid":{"rendered":"https:\/\/sgpsolucoes.com.br\/site\/?page_id=2094"},"modified":"2024-05-25T18:03:04","modified_gmt":"2024-05-25T18:03:04","slug":"politica-de-cookies","status":"publish","type":"page","link":"https:\/\/sgpsolucoes.com.br\/site\/politica-de-cookies\/","title":{"rendered":"Pol\u00edtica de cookies"},"content":{"rendered":"\t\t<div data-elementor-type=\"wp-page\" data-elementor-id=\"2094\" class=\"elementor elementor-2094\" data-elementor-post-type=\"page\">\n\t\t\t\t<div class=\"elementor-element elementor-element-a7b8641 e-flex e-con-boxed e-con e-parent\" data-id=\"a7b8641\" data-element_type=\"container\" data-settings=\"{&quot;background_background&quot;:&quot;classic&quot;}\">\n\t\t\t\t\t<div class=\"e-con-inner\">\n\t\t<div class=\"elementor-element elementor-element-44fc2f6 e-con-full e-flex e-con e-child\" data-id=\"44fc2f6\" data-element_type=\"container\">\n\t\t\t\t<\/div>\n\t\t\t\t\t<\/div>\n\t\t\t\t<\/div>\n\t\t<div class=\"elementor-element elementor-element-7824eff9 e-flex e-con-boxed e-con e-parent\" data-id=\"7824eff9\" data-element_type=\"container\">\n\t\t\t\t\t<div class=\"e-con-inner\">\n\t\t\t\t<div class=\"elementor-element elementor-element-1da7fd3 elementor-widget elementor-widget-text-editor\" data-id=\"1da7fd3\" data-element_type=\"widget\" data-widget_type=\"text-editor.default\">\n\t\t\t\t<div class=\"elementor-widget-container\">\n\t\t\t\t\t\t\t\t\t<strong>I. Introdu\u00e7\u00e3o e escopo<\/strong> \n<br>\nA presente Pol\u00edtica de Cookies aplica-se ao site da SGP &#8211; Solu\u00e7\u00f5es em Gest\u00e3o P\u00fablica, de propriedade da SGP &#8211; Solu\u00e7\u00f5es em Gest\u00e3o P\u00fablica, e visa proporcionar uma experi\u00eancia ainda mais transparente em nosso site, explicando o conceito de Cookies, como os utilizamos para melhorar sua navega\u00e7\u00e3o e, ainda, as possibilidades de customiza\u00e7\u00e3o do uso.\nCaso n\u00e3o concorde com o uso de Cookies da forma apresentada, voc\u00ea poder\u00e1:<br>\n\u2699\ufe0f ajustar as configura\u00e7\u00f5es de seu navegador de internet para n\u00e3o permitir o uso de Cookies\n<br>\n\u2699\ufe0f n\u00e3o acessar o site.<br>\nLembramos que desabilitar o uso de Cookies poder\u00e1 impactar sua experi\u00eancia ao navegar no site.\nRecomendamos tamb\u00e9m a leitura da nossa Pol\u00edtica de Privacidade, na qual trazemos \u00e0 voc\u00ea mais informa\u00e7\u00f5es sobre nosso compromisso com a sua privacidade e a prote\u00e7\u00e3o dos seus dados pessoais.\n<br><br>\n<strong>II. O QUE S\u00c3O COOKIES?<\/strong> \n<br>\nCookies s\u00e3o pequenos arquivos digitais em formato de texto que s\u00e3o armazenados no seu dispositivo, como: computador, smartphone, table, etc., pelo navegador de internet e que guardam informa\u00e7\u00f5es relacionadas \u00e0s suas prefer\u00eancias, como idioma preferido, localiza\u00e7\u00e3o, recorr\u00eancia das suas sess\u00f5es, e outras vari\u00e1veis que os desenvolvedores consideram relevantes para tornar a sua experi\u00eancia muito mais eficiente.\n<br><br>\n<strong>III. PARA QUE SERVEM OS COOKIES?<\/strong> \n<br>\nOs Cookies servem para aprimorar a sua experi\u00eancia, tanto em termos de performance, como em termos de usabilidade, uma vez que os conte\u00fados disponibilizados ser\u00e3o direcionados \u00e0s suas necessidades e expectativas.\nTamb\u00e9m poder\u00e3o ser utilizados para compilar estat\u00edsticas an\u00f4nimas e agregadas que permitem entender como voc\u00ea utiliza o site, bem como para aprimorar suas estruturas e conte\u00fado. Por serem estat\u00edsticas an\u00f4nimas, n\u00e3o \u00e9 poss\u00edvel identific\u00e1-lo pessoalmente por meio desses dados.\nA utiliza\u00e7\u00e3o de Cookies \u00e9 algo muito comum em qualquer plataforma digital atualmente. O seu uso n\u00e3o prejudica de forma alguma os dispositivos em que s\u00e3o armazenados.\n<br><br>\n<strong>IV. QUE TIPO DE COOKIES UTILIZAMOS<\/strong> \n<br>\nN\u00f3s utilizamos Cookies pr\u00f3prios e de terceiros no site, os quais podem ser classificados quanto \u00e0 sua temporalidade:<br>\n<strong>1.<\/strong>  Cookies de Sess\u00e3o: s\u00e3o os Cookies tempor\u00e1rios que permanecem arquivados at\u00e9 que voc\u00ea saia do site ou encerre o navegador.<br>\n<strong>2.<\/strong>  Cookies Persistentes: s\u00e3o os Cookies que ficam armazenados no seu dispositivo at\u00e9 que sejam exclu\u00eddos. O tempo que o Cookie permanecer\u00e1 no dispositivo depende do seu tempo de vida e das configura\u00e7\u00f5es do seu navegador de internet.<br>\nOs Cookies de Sess\u00e3o ou Persistentes: ainda podem ser categorizados de acordo com a sua fun\u00e7\u00e3o:<br>\n<strong>1. Cookies Estritamente Necess\u00e1rios:<\/strong>  permitem a navega\u00e7\u00e3o e utiliza\u00e7\u00e3o das aplica\u00e7\u00f5es, bem como o acesso a \u00e1reas seguras do site. Sem estes Cookies, o site n\u00e3o funciona corretamente.<br>\n<strong>2. Cookies de Funcionalidade:<\/strong>  s\u00e3o utilizados para assegurar a disponibiliza\u00e7\u00e3o de funcionalidades adicionais do site ou para guardar as prefer\u00eancias definidas pelo usu\u00e1rio ao navegar na internet, sempre que utilizar o mesmo dispositivo.<br>\n<strong>3. Cookies de Publicidade: <\/strong> coletam as informa\u00e7\u00f5es de sua visita em nosso site para que as propagandas nele dispostas sejam mais relevantes para voc\u00ea e de acordo com os seus interesses. Geralmente est\u00e3o atrelados a Cookies de propriedade de terceiros. Caso voc\u00ea desabilite estes cookies, note que voc\u00ea ainda visualizar\u00e1 as publicidades, mas elas ser\u00e3o personalizadas \u00e0s suas prefer\u00eancias.\n<br><br>\n<strong>V. \u00c9 POSS\u00cdVEL CONTROLAR OU EXCLUIR COOKIES?<\/strong> \n<br>\nPara que nosso site opere corretamente, voc\u00ea dever\u00e1 habilitar o uso dos Cookies. Caso decida n\u00e3o os habilitar, voc\u00ea ainda poder\u00e1 navegar no site, mas algumas funcionalidades n\u00e3o estar\u00e3o dispon\u00edveis.\nLembrando que a maioria dos navegadores de internet \u00e9 configurada para aceitar automaticamente os Cookies.\nVoc\u00ea pode alterar as configura\u00e7\u00f5es para bloquear o uso de Cookies ou alert\u00e1-lo quando um Cookie estiver sendo enviado para o seu dispositivo. Existem v\u00e1rias formas de gerenciar Cookies, consulte as instru\u00e7\u00f5es de seu navegador.\nCaso voc\u00ea utilize dispositivos diferentes para acessar o site, dever\u00e1 assegurar-se de que cada navegador, de cada dispositivo, esteja ajustado para atender \u00e0s suas prefer\u00eancias em rela\u00e7\u00e3o aos Cookies.\nPara que voc\u00ea possa, de forma simples e intuitiva, gerir suas prefer\u00eancias a partir do seu navegador, poder\u00e1 utilizar um dos links abaixo:<br>\n\ud83d\udcd3 Para mais informa\u00e7\u00f5es sobre gest\u00e3o de Cookies no Firefox, clique aqui;<br>\n\ud83d\udcd3 Para mais informa\u00e7\u00f5es sobre gest\u00e3o de Cookies no Chrome, clique aqui;<br>\n\ud83d\udcd3 Para mais informa\u00e7\u00f5es sobre gest\u00e3o de Cookies no Internet Explorer, clique aqui;<br>\n\ud83d\udcd3 Para mais informa\u00e7\u00f5es sobre gest\u00e3o de Cookies no Safari, clique aqui;<br>\n\ud83d\udcd3 Para mais informa\u00e7\u00f5es sobre gest\u00e3o de Cookies no Opera, clique aqui;<br>\n\ud83d\udcd3 Para mais informa\u00e7\u00f5es sobre gest\u00e3o de Cookies no Microsoft Edge, clique aqui.<br><br>\n<strong>VI. INFORMA\u00c7\u00d5ES DETALHADAS SOBRE OS COOKIES<\/strong> \n<br>\nApresentamos abaixo os detalhes sobre o uso dos Cookies no site, bem como as suas finalidades:<br>\n<strong>1. Cookies estritamente necess\u00e1rios:<\/strong>  Nome do Cookie, Finalidade, Validade, Tipo PHPSESSID, preserva o estado da sess\u00e3o do usu\u00e1rio nas solicita\u00e7\u00f5es de p\u00e1gina.<br>\n<strong>2. Cookies Anal\u00edticos: <\/strong>Nome do Cookie, Finalidade, Validade, Tipo _ga, registra um ID \u00fanico que \u00e9 usado para gerar dados estat\u00edsticos sobre como o visitante usa a plataforma &#8211; 2 anos &#8211; Persistente _gat usado pelo Google Analytics para controlar a taxa de solicita\u00e7\u00e3o &#8211; 1 dia &#8211; Persistente _gid, registra um ID \u00fanico que \u00e9 usado para gerar dados estat\u00edsticos sobre como o visitante usa a plataforma &#8211; 1 dia &#8211; Persistente.<br>\n<strong>3. Cookies de Publicidade<\/strong><br>\n\u2714 Nome do Cookie<br>\n\ud83d\udccc Finalidade<br>\n\ud83d\udcc5 Validade<br>\n\ud83c\udfc1 Tipo<br><br>\n\u2714 IDE\n \ud83d\udccc Usado pelo Google DoubleClick para registrar e relatar as a\u00e7\u00f5es do usu\u00e1rio do site ap\u00f3s visualizar ou clicar em um dos an\u00fancios do anunciante com o objetivo de medir a efic\u00e1cia de um an\u00fancio e apresentar an\u00fancios direcionados ao usu\u00e1rio. \ud83d\udcc5 1 ano \ud83c\udfc1 Persistente\n<br>\n\u2714 test_cookie \ud83d\udccc Usado para verificar se o navegador do usu\u00e1rio suporta cookies. \ud83d\udcc5 1 dia \ud83c\udfc1 Persistente\n<br>\n\u2714 VISITOR_INFO1_LIVE \ud83d\udccc Tenta estimar a largura de banda dos usu\u00e1rios em p\u00e1ginas com v\u00eddeos integrados do YouTube. \ud83d\udcc5 179 dias \ud83c\udfc1 Persistente\n<br>\n\u2714 YSC \ud83d\udccc Registra um ID \u00fanico para manter estat\u00edsticas de quais v\u00eddeos do YouTube o usu\u00e1rio tem visto. \ud83d\udcc5 \ud83c\udfc1 Sess\u00e3o\n<br>\n\u2714 yt.innertube::nextId \ud83d\udccc Registra um ID \u00fanico para manter estat\u00edsticas de quais v\u00eddeos do YouTube o usu\u00e1rio tem visto. \ud83d\udcc5 \ud83c\udfc1 Persistente\n<br>\n\u2714 yt.innertube::requests \ud83d\udccc Registra um ID \u00fanico para manter estat\u00edsticas de quais v\u00eddeos do YouTube o usu\u00e1rio tem visto. \ud83d\udcc5 \ud83c\udfc1 Persistente\n<br>\n\u2714 yt-remote-cast- installed \ud83d\udccc Armazena as prefer\u00eancias do reprodutor de v\u00eddeo do usu\u00e1rio usando o v\u00eddeo incorporado do YouTube. \ud83d\udcc5 \ud83c\udfc1 Sess\u00e3o\n<br>\n\u2714 yt-remote- connected-devices \ud83d\udccc Armazena as prefer\u00eancias do reprodutor de v\u00eddeo do usu\u00e1rio usando o v\u00eddeo incorporado do YouTube. \ud83d\udcc5 \ud83c\udfc1 Persistente\n<br>\n\u2714 yt-remote-device-id \ud83d\udccc Armazena as prefer\u00eancias do reprodutor de v\u00eddeo do usu\u00e1rio usando o v\u00eddeo incorporado do YouTube. \ud83d\udcc5 \ud83c\udfc1 Persistente\n<br>\n\u2714 yt-remote-fast- check-period \ud83d\udccc Armazena as prefer\u00eancias do reprodutor de v\u00eddeo do usu\u00e1rio usando o v\u00eddeo incorporado do YouTube. \ud83d\udcc5 \ud83c\udfc1 Sess\u00e3o\n<br>\n\u2714 yt-remote-session- app \ud83d\udccc Armazena as prefer\u00eancias do reprodutor de v\u00eddeo do usu\u00e1rio usando o v\u00eddeo incorporado do YouTube. \ud83d\udcc5 \ud83c\udfc1 Sess\u00e3o\n<br>\n\u2714 yt-remote-session- name \ud83d\udccc Armazena as prefer\u00eancias do reprodutor de v\u00eddeo do usu\u00e1rio usando o v\u00eddeo incorporado do YouTube. \ud83d\udcc5 \ud83c\udfc1 Sess\u00e3o\n\t\t\t\t\t\t\t\t<\/div>\n\t\t\t\t<\/div>\n\t\t\t\t\t<\/div>\n\t\t\t\t<\/div>\n\t\t\t\t<\/div>\n\t\t\n    <div class=\"xs_social_share_widget xs_share_url after_content \t\tmain_content  wslu-style-1 wslu-share-box-shaped wslu-fill-colored wslu-none wslu-share-horizontal wslu-theme-font-no wslu-main_content\">\n\n\t\t\n        <ul>\n\t\t\t        <\/ul>\n    <\/div> \n","protected":false},"excerpt":{"rendered":"<p>I. Introdu\u00e7\u00e3o e escopo A presente Pol\u00edtica de Cookies aplica-se ao site da SGP &#8211; Solu\u00e7\u00f5es em Gest\u00e3o P\u00fablica, de propriedade da SGP &#8211; Solu\u00e7\u00f5es em Gest\u00e3o P\u00fablica, e visa proporcionar uma experi\u00eancia ainda mais transparente em nosso site, explicando o conceito de Cookies, como os utilizamos para melhorar sua navega\u00e7\u00e3o e, ainda, as possibilidades [&hellip;]<\/p>\n","protected":false},"author":3,"featured_media":0,"parent":0,"menu_order":0,"comment_status":"closed","ping_status":"closed","template":"elementor_header_footer","meta":{"postBodyCss":"","postBodyMargin":[],"postBodyPadding":[],"postBodyBackground":{"backgroundType":"classic","gradient":""},"_price":"","_stock":"","_tribe_ticket_header":"","_tribe_default_ticket_provider":"","_tribe_ticket_capacity":"0","_ticket_start_date":"","_ticket_end_date":"","_tribe_ticket_show_description":"","_tribe_ticket_show_not_going":false,"_tribe_ticket_use_global_stock":"","_tribe_ticket_global_stock_level":"","_global_stock_mode":"","_global_stock_cap":"","_tribe_rsvp_for_event":"","_tribe_ticket_going_count":"","_tribe_ticket_not_going_count":"","_tribe_tickets_list":"[]","_tribe_ticket_has_attendee_info_fields":false,"footnotes":"","_tec_slr_enabled":"","_tec_slr_layout":""},"class_list":["post-2094","page","type-page","status-publish","hentry"],"acf":[],"ticketed":false,"_links":{"self":[{"href":"https:\/\/sgpsolucoes.com.br\/site\/wp-json\/wp\/v2\/pages\/2094"}],"collection":[{"href":"https:\/\/sgpsolucoes.com.br\/site\/wp-json\/wp\/v2\/pages"}],"about":[{"href":"https:\/\/sgpsolucoes.com.br\/site\/wp-json\/wp\/v2\/types\/page"}],"author":[{"embeddable":true,"href":"https:\/\/sgpsolucoes.com.br\/site\/wp-json\/wp\/v2\/users\/3"}],"replies":[{"embeddable":true,"href":"https:\/\/sgpsolucoes.com.br\/site\/wp-json\/wp\/v2\/comments?post=2094"}],"version-history":[{"count":0,"href":"https:\/\/sgpsolucoes.com.br\/site\/wp-json\/wp\/v2\/pages\/2094\/revisions"}],"wp:attachment":[{"href":"https:\/\/sgpsolucoes.com.br\/site\/wp-json\/wp\/v2\/media?parent=2094"}],"curies":[{"name":"wp","href":"https:\/\/api.w.org\/{rel}","templated":true}]}}