{"id":10044,"date":"2025-04-05T13:15:08","date_gmt":"2025-04-05T16:15:08","guid":{"rendered":"https:\/\/sgpsolucoes.com.br\/site\/?post_type=product&#038;p=10044"},"modified":"2026-03-17T10:39:08","modified_gmt":"2026-03-17T13:39:08","slug":"07-05-curso-pregoes-e-concorrencias-desvendando-os-procedimentos-eletronicos-e-presenciais-adequados-capacitacao-para-pregoeiros-agentes-de-contratacao-e-equipes-de-apoio","status":"publish","type":"product","link":"https:\/\/sgpsolucoes.com.br\/site\/produto\/07-05-curso-pregoes-e-concorrencias-desvendando-os-procedimentos-eletronicos-e-presenciais-adequados-capacitacao-para-pregoeiros-agentes-de-contratacao-e-equipes-de-apoio\/","title":{"rendered":"07\/05 &#8211; Curso: Preg\u00f5es e Concorr\u00eancias: desvendando os procedimentos eletr\u00f4nicos e presenciais adequados &#8211; Capacita\u00e7\u00e3o para Pregoeiros, Agentes de Contrata\u00e7\u00e3o e Equipes de Apoio"},"content":{"rendered":"<p><strong>Sede da SGP &#8211; SP &#8211; 07 de Maio de 2026<\/strong><br \/>\n<strong>Carga hor\u00e1ria:<\/strong> 8 horas<br \/>\n<strong>Hor\u00e1rio:<\/strong> das 08h30 \u00e0s 17h30<\/p>\n<p><strong>Professor confirmado: Gilberto Oliveira<\/strong><\/p>\n<p><strong>Intervalo para almo\u00e7o: das 12h30 \u00e0s 13h30<br \/>\nCoffee-Breaks: das 10h00 \u00e0s 16h00<\/strong><\/p>\n<p><strong>Objetivo:<\/strong><br \/>\nApresentar todas as peculiaridades das licita\u00e7\u00f5es eletr\u00f4nicas pautadas na nova Lei n\u00b0 14.133\/2021, especialmente nas modalidades preg\u00e3o e concorr\u00eancia, alertando para as principais cautelas procedimentais, a fim de que a Administra\u00e7\u00e3o P\u00fablica atinja os melhores resultados em face do interesse p\u00fablico perseguido.<\/p>\n<p><strong>P\u00fablico-alvo:<\/strong><br \/>\n\u2022 agentes de contrata\u00e7\u00e3o, pregoeiros e integrantes de equipes de apoio;<br \/>\n\u2022 agentes p\u00fablicos que ser\u00e3o designados para atuarem como pregoeiros ou integrantes de equipe de apoio;<br \/>\n\u2022 integrantes de setores de licita\u00e7\u00f5es e contratos;<br \/>\n\u2022 integrantes de setores de compras e contrata\u00e7\u00f5es;<br \/>\n\u2022 assessores jur\u00eddicos, procuradores e advogados;<br \/>\n\u2022 todo agente p\u00fablico envolvido, direta ou indiretamente, em processos de contrata\u00e7\u00e3o na modalidade preg\u00e3o pela Administra\u00e7\u00e3o P\u00fablica em geral;<br \/>\n\u2022 todo e qualquer profissional que atue ou pretenda atuar, direta ou indiretamente, com o tema.<\/p>\n\n    <div class=\"xs_social_share_widget xs_share_url after_content \t\tmain_content  wslu-style-1 wslu-share-box-shaped wslu-fill-colored wslu-none wslu-share-horizontal wslu-theme-font-no wslu-main_content\">\n\n\t\t\n        <ul>\n\t\t\t        <\/ul>\n    <\/div> \n","protected":false},"excerpt":{"rendered":"<p><strong>Conte\u00fado Program\u00e1tico Resumido<\/strong><\/p>\n<p>Quer o Conte\u00fado Program\u00e1tico Completo? <span style=\"color: #0000ff;\"><a style=\"color: #0000ff;\" href=\"https:\/\/sgpsolucoes.com.br\/site\/solicitacao-do-conteudo-programatico-completo\/\" target=\"_blank\" rel=\"noopener\">Clique aqui<\/a><\/span> para solicitar!<\/p>\n<ul>\n<li>Como enxergar a nova Lei de Licita\u00e7\u00f5es (Lei n\u00b0 14.133\/2021)<\/li>\n<li>Princ\u00edpios a serem aplicados<\/li>\n<li>Atua\u00e7\u00e3o dos agentes p\u00fablicos nas fases preparat\u00f3ria, externa e execut\u00f3ria<\/li>\n<li>O papel do agente de contrata\u00e7\u00e3o<\/li>\n<li>Fases das licita\u00e7\u00f5es eletr\u00f4nicas e presenciais<\/li>\n<li>O rito processual comum previsto no art. 17 c\/c o art. 29 da Lei n\u00ba 14.133\/2021<\/li>\n<li>Panorama geral das modalidades licitat\u00f3rias da Lei n\u00b0 14.133\/2021<\/li>\n<\/ul>\n","protected":false},"featured_media":17725,"comment_status":"open","ping_status":"closed","template":"","meta":{"postBodyCss":"","postBodyMargin":[],"postBodyPadding":[],"postBodyBackground":{"backgroundType":"classic","gradient":""},"_price":"1780.00","_stock":"","_tribe_ticket_header":"","_tribe_default_ticket_provider":"","_tribe_ticket_capacity":"0","_ticket_start_date":"","_ticket_end_date":"","_tribe_ticket_show_description":"","_tribe_ticket_show_not_going":false,"_tribe_ticket_use_global_stock":"","_tribe_ticket_global_stock_level":"","_global_stock_mode":"","_global_stock_cap":"","_tribe_rsvp_for_event":"","_tribe_ticket_going_count":"","_tribe_ticket_not_going_count":"","_tribe_tickets_list":"[]","_tribe_ticket_has_attendee_info_fields":false},"product_brand":[],"product_cat":[36,61],"product_tag":[],"class_list":{"0":"post-10044","1":"product","2":"type-product","3":"status-publish","4":"has-post-thumbnail","6":"product_cat-treinamentos","7":"product_cat-maio-presencial","9":"first","10":"instock","11":"sale","12":"virtual","13":"purchasable","14":"product-type-simple"},"acf":[],"_links":{"self":[{"href":"https:\/\/sgpsolucoes.com.br\/site\/wp-json\/wp\/v2\/product\/10044"}],"collection":[{"href":"https:\/\/sgpsolucoes.com.br\/site\/wp-json\/wp\/v2\/product"}],"about":[{"href":"https:\/\/sgpsolucoes.com.br\/site\/wp-json\/wp\/v2\/types\/product"}],"replies":[{"embeddable":true,"href":"https:\/\/sgpsolucoes.com.br\/site\/wp-json\/wp\/v2\/comments?post=10044"}],"wp:featuredmedia":[{"embeddable":true,"href":"https:\/\/sgpsolucoes.com.br\/site\/wp-json\/wp\/v2\/media\/17725"}],"wp:attachment":[{"href":"https:\/\/sgpsolucoes.com.br\/site\/wp-json\/wp\/v2\/media?parent=10044"}],"wp:term":[{"taxonomy":"product_brand","embeddable":true,"href":"https:\/\/sgpsolucoes.com.br\/site\/wp-json\/wp\/v2\/product_brand?post=10044"},{"taxonomy":"product_cat","embeddable":true,"href":"https:\/\/sgpsolucoes.com.br\/site\/wp-json\/wp\/v2\/product_cat?post=10044"},{"taxonomy":"product_tag","embeddable":true,"href":"https:\/\/sgpsolucoes.com.br\/site\/wp-json\/wp\/v2\/product_tag?post=10044"}],"curies":[{"name":"wp","href":"https:\/\/api.w.org\/{rel}","templated":true}]}}