{"id":12302,"date":"2025-06-23T13:48:54","date_gmt":"2025-06-23T16:48:54","guid":{"rendered":"https:\/\/sgpsolucoes.com.br\/site\/?post_type=product&#038;p=12302"},"modified":"2026-01-23T12:45:20","modified_gmt":"2026-01-23T15:45:20","slug":"27-e-28-04-curso-planejamento-de-comunicacao-e-estrategia-para-impulsionar-a-imagem-da-gestao-municipal","status":"publish","type":"product","link":"https:\/\/sgpsolucoes.com.br\/site\/produto\/27-e-28-04-curso-planejamento-de-comunicacao-e-estrategia-para-impulsionar-a-imagem-da-gestao-municipal\/","title":{"rendered":"27 e 28\/04 &#8211; Planejamento de Comunica\u00e7\u00e3o e Estrat\u00e9gia para Impulsionar a Imagem da Gest\u00e3o Municipal"},"content":{"rendered":"<p><strong>On-line: <\/strong>Dias 27 e 28 de Abril de 2026<br \/>\n<strong>Carga hor\u00e1ria:<\/strong> 8 horas ( Dividos em 2 dias de 4h )<br \/>\n<strong>Hor\u00e1rio:<\/strong> das 08h30 \u00e0s 12h30<br \/>\n<strong>Professor confirmado no evento:<\/strong> J\u00falio Souza<\/p>\n<p><strong>Objetivo:<\/strong><\/p>\n<p>Criar um planejamento de comunica\u00e7\u00e3o para divulgar com efici\u00eancia as a\u00e7\u00f5es do Poder Executivo na era digital n\u00e3o tem sido uma tarefa f\u00e1cil. Por isso, o curso ter\u00e1 conte\u00fado objetivo e de qualidade, que voc\u00ea poder\u00e1 colocar na pr\u00e1tica logo ap\u00f3s a aula, para potencializar a divulga\u00e7\u00e3o da gest\u00e3o do seu munic\u00edpio! Em um cen\u00e1rio onde a informa\u00e7\u00e3o flui e a opini\u00e3o p\u00fablica se forma em instantes, n\u00e3o basta apenas &#8220;comunicar&#8221;. \u00c9 preciso <strong>planejar<\/strong>, <strong>ter estrat\u00e9gia <\/strong>e <strong>impactar<\/strong>. Governos que se comunicam bem s\u00e3o mais transparentes, constroem mais confian\u00e7a e engajam a popula\u00e7\u00e3o de forma significativa.<\/p>\n<p>Voc\u00ea atua na comunica\u00e7\u00e3o do poder p\u00fablico e sente que suas mensagens se perdem no caminho? O cidad\u00e3o n\u00e3o entende o que sua gest\u00e3o faz? As not\u00edcias negativas ofuscam o trabalho da sua equipe? Ent\u00e3o esse curso \u00e9 para voc\u00ea!<\/p>\n<p>O objetivo deste curso \u00e9 orientar e capacitar os participantes para que potencializem a divulga\u00e7\u00e3o das a\u00e7\u00f5es do Poder P\u00fablico, com base na transpar\u00eancia e na efici\u00eancia, al\u00e9m de capacitar os participantes para que executem a\u00e7\u00f5es de comunica\u00e7\u00e3o de maneira estrat\u00e9gica.<\/p>\n<p><strong>O que voc\u00ea ir\u00e1 aprender?<\/strong><\/p>\n<ul>\n<li>Voc\u00ea ir\u00e1 planejar a comunica\u00e7\u00e3o de governo de maneira simples<\/li>\n<li>Descobrir\u00e1 como implantar um modelo de comunica\u00e7\u00e3o p\u00fablica municipal eficiente<\/li>\n<li>Ver\u00e1 os conceitos e a legisla\u00e7\u00e3o que rege a comunica\u00e7\u00e3o nos Prefeituras Municipais<\/li>\n<li>Entender\u00e1 como planejar, executar e mensurar as a\u00e7\u00f5es de comunica\u00e7\u00e3o do Poder Executivo<\/li>\n<li>Saber\u00e1 como impulsionar a visibilidade e atingir bom \u00edndice de satisfa\u00e7\u00e3o com o governo municipal, por meio da comunica\u00e7\u00e3o.<\/li>\n<\/ul>\n<p>&nbsp;<\/p>\n<p>&nbsp;<\/p>\n<p><strong>P\u00fablico-alvo:<\/strong><\/p>\n<ul>\n<li><em>Assessores de Comunica\u00e7\u00e3o ou de Imprensa;<\/em><\/li>\n<li><em>Diretores de Comunica\u00e7\u00e3o;<\/em><\/li>\n<li><em>Secret\u00e1rios de Comunica\u00e7\u00e3o;<\/em><\/li>\n<li><em>Secret\u00e1rios Municipais;<\/em><\/li>\n<li><em>Prefeitos e Vice-Prefeitos;<\/em><\/li>\n<li><em>Chefes de Gabinete;<\/em><\/li>\n<li><em>Todo e qualquer profissional que atue ou pretenda atuar, direta ou indiretamente, com o tema;<\/em><\/li>\n<li><em>Todo e qualquer profissional que tenha interesse no tema.<\/em><\/li>\n<\/ul>\n\n    <div class=\"xs_social_share_widget xs_share_url after_content \t\tmain_content  wslu-style-1 wslu-share-box-shaped wslu-fill-colored wslu-none wslu-share-horizontal wslu-theme-font-no wslu-main_content\">\n\n\t\t\n        <ul>\n\t\t\t        <\/ul>\n    <\/div> \n","protected":false},"excerpt":{"rendered":"<p><strong>Conte\u00fado Program\u00e1tico Resumido<\/strong><\/p>\n<ul>\n<li style=\"list-style-type: none;\">\n<ol start=\"2\">\n<li style=\"list-style-type: none;\">\n<ol>\n<li><strong>Parte I<\/strong>\n<ul>\n<li>Entendendo o modelo cl\u00e1ssico de comunica\u00e7\u00e3o governamental;<\/li>\n<li>Comunica\u00e7\u00e3o como ferramenta de gest\u00e3o;<\/li>\n<li>Gest\u00e3o bem avaliada abre portas;<\/li>\n<li>Quando a mensagem conflita com a realidade;<\/li>\n<li>Desvendando os segredos da boa avalia\u00e7\u00e3o de governo;<\/li>\n<li>Mapeando a realidade da gest\u00e3o;<\/li>\n<li>Dando ordem e ritmo para as entregas;<\/li>\n<li>Estrutura\u00e7\u00e3o de equipe vencedora;<\/li>\n<li>Onde concentrar esfor\u00e7os durante cada fase da gest\u00e3o;<\/li>\n<li>Como formar reputa\u00e7\u00e3o;<\/li>\n<li>Dividindo o mandato para atingir os melhores resultados;<\/li>\n<li>Olho na legisla\u00e7\u00e3o para evitar improbidade;<\/li>\n<\/ul>\n<\/li>\n<\/ol>\n<\/li>\n<\/ol>\n<\/li>\n<\/ul>\n<p>Quer o Conte\u00fado Program\u00e1tico Completo? <span style=\"color: #0000ff;\"><a style=\"color: #0000ff;\" href=\"https:\/\/sgpsolucoes.com.br\/site\/solicitacao-do-conteudo-programatico-completo\/\" target=\"_blank\" rel=\"noopener\">Clique aqui<\/a><\/span> para solicitar!<\/p>\n","protected":false},"featured_media":16802,"comment_status":"open","ping_status":"closed","template":"","meta":{"postBodyCss":"","postBodyMargin":[],"postBodyPadding":[],"postBodyBackground":{"backgroundType":"classic","gradient":""},"_price":"1780.00","_stock":"","_tribe_ticket_header":"","_tribe_default_ticket_provider":"","_tribe_ticket_capacity":"0","_ticket_start_date":"","_ticket_end_date":"","_tribe_ticket_show_description":"","_tribe_ticket_show_not_going":false,"_tribe_ticket_use_global_stock":"","_tribe_ticket_global_stock_level":"","_global_stock_mode":"","_global_stock_cap":"","_tribe_rsvp_for_event":"","_tribe_ticket_going_count":"","_tribe_ticket_not_going_count":"","_tribe_tickets_list":"[]","_tribe_ticket_has_attendee_info_fields":false},"product_brand":[],"product_cat":[36,1315],"product_tag":[],"class_list":{"0":"post-12302","1":"product","2":"type-product","3":"status-publish","4":"has-post-thumbnail","6":"product_cat-treinamentos","7":"product_cat-abril-online","9":"first","10":"instock","11":"sale","12":"virtual","13":"purchasable","14":"product-type-simple"},"acf":[],"_links":{"self":[{"href":"https:\/\/sgpsolucoes.com.br\/site\/wp-json\/wp\/v2\/product\/12302"}],"collection":[{"href":"https:\/\/sgpsolucoes.com.br\/site\/wp-json\/wp\/v2\/product"}],"about":[{"href":"https:\/\/sgpsolucoes.com.br\/site\/wp-json\/wp\/v2\/types\/product"}],"replies":[{"embeddable":true,"href":"https:\/\/sgpsolucoes.com.br\/site\/wp-json\/wp\/v2\/comments?post=12302"}],"wp:featuredmedia":[{"embeddable":true,"href":"https:\/\/sgpsolucoes.com.br\/site\/wp-json\/wp\/v2\/media\/16802"}],"wp:attachment":[{"href":"https:\/\/sgpsolucoes.com.br\/site\/wp-json\/wp\/v2\/media?parent=12302"}],"wp:term":[{"taxonomy":"product_brand","embeddable":true,"href":"https:\/\/sgpsolucoes.com.br\/site\/wp-json\/wp\/v2\/product_brand?post=12302"},{"taxonomy":"product_cat","embeddable":true,"href":"https:\/\/sgpsolucoes.com.br\/site\/wp-json\/wp\/v2\/product_cat?post=12302"},{"taxonomy":"product_tag","embeddable":true,"href":"https:\/\/sgpsolucoes.com.br\/site\/wp-json\/wp\/v2\/product_tag?post=12302"}],"curies":[{"name":"wp","href":"https:\/\/api.w.org\/{rel}","templated":true}]}}