{"id":12346,"date":"2025-06-25T15:40:58","date_gmt":"2025-06-25T18:40:58","guid":{"rendered":"https:\/\/sgpsolucoes.com.br\/site\/?post_type=product&#038;p=12346"},"modified":"2026-02-19T17:06:22","modified_gmt":"2026-02-19T20:06:22","slug":"o-direito-municipal-e-a-contabilidade-publica-na-pratica","status":"publish","type":"product","link":"https:\/\/sgpsolucoes.com.br\/site\/produto\/o-direito-municipal-e-a-contabilidade-publica-na-pratica\/","title":{"rendered":"O Direito Municipal e a Contabilidade P\u00fablica na Pr\u00e1tica"},"content":{"rendered":"<p>Os autores abordam temas extremamente \u00e1rduos e importantes, mas de uma maneira muito pr\u00e1tica e did\u00e1tica. Apresentam uma vis\u00e3o clara e precisa da Contabilidade e do Plano de Contas no Setor P\u00fablico, adentram a LRF, permeando pela estrutura organizacional e o necess\u00e1rio planejamento. Al\u00e9m disso, s\u00e3o apresentadas importantes considera\u00e7\u00f5es sobre as pe\u00e7as de planejamento p\u00fablico (PPA, LDO e LOA), bem como das pol\u00eamicas emendas impositivas.<\/p>\n<p>E n\u00e3o para por a\u00ed&#8230; Assuntos como execu\u00e7\u00e3o or\u00e7ament\u00e1ria, patrim\u00f4nio, cr\u00e9ditos adicionais, realoca\u00e7\u00f5es or\u00e7ament\u00e1rias, fontes de recursos, empenho, liquida\u00e7\u00e3o da despesa, pagamento, restos a pagar, despesas de exerc\u00edcios anteriores, execu\u00e7\u00e3o extraor\u00e7ament\u00e1ria, cons\u00f3rcios p\u00fablicos, compensa\u00e7\u00e3o de cr\u00e9ditos, regime de adiantamento, contabiliza\u00e7\u00e3o das despesas dos fundos municipais, transfer\u00eancias descentralizadas, despesas de \u00f3rg\u00e3os que integram o or\u00e7amento fiscal e da seguridade social, disponibilidades financeiras, transfer\u00eancias volunt\u00e1rias, destina\u00e7\u00e3o de recursos p\u00fablicos para o setor privado, educa\u00e7\u00e3o, recursos decorrentes de aliena\u00e7\u00e3o de bens, repasse e utiliza\u00e7\u00e3o dos recursos financeiros pelo legislativo municipal, remunera\u00e7\u00e3o dos agentes pol\u00edticos, impacto or\u00e7ament\u00e1rio e financeiro, nepotismo, controle interno, gest\u00e3o financeira e transparente, presta\u00e7\u00e3o de contas anual, licita\u00e7\u00e3o, despesas de viagem, publicidade e muito mais&#8230; Uma Se\u00e7\u00e3o exclusiva com modelos para voc\u00ea utilizar no seu dia a dia.<\/p>\n\n    <div class=\"xs_social_share_widget xs_share_url after_content \t\tmain_content  wslu-style-1 wslu-share-box-shaped wslu-fill-colored wslu-none wslu-share-horizontal wslu-theme-font-no wslu-main_content\">\n\n\t\t\n        <ul>\n\t\t\t        <\/ul>\n    <\/div> \n","protected":false},"excerpt":{"rendered":"<p>A obra O Direito Municipal e a Contabilidade P\u00fablica na Pr\u00e1tica nasce rara, \u00fanica e vocacionada a cumprir diversos prop\u00f3sitos, dentre os quais o de preencher uma grande lacuna na literatura especializada nacional, al\u00e9m de disseminar \u00f3timas pr\u00e1ticas e oferecer caminhos seguros \u00e0queles que transitam pelo terreno da Contabilidade Governamental. Esta obra se traduz num verdadeiro presente para o setor no qual se insere.<\/p>\n","protected":false},"featured_media":12347,"comment_status":"open","ping_status":"closed","template":"","meta":{"postBodyCss":"","postBodyMargin":[],"postBodyPadding":[],"postBodyBackground":{"backgroundType":"classic","gradient":""},"_price":"230","_stock":"6","_tribe_ticket_header":"","_tribe_default_ticket_provider":"","_tribe_ticket_capacity":"10","_ticket_start_date":"","_ticket_end_date":"","_tribe_ticket_show_description":"","_tribe_ticket_show_not_going":false,"_tribe_ticket_use_global_stock":"","_tribe_ticket_global_stock_level":"","_global_stock_mode":"","_global_stock_cap":"","_tribe_rsvp_for_event":"","_tribe_ticket_going_count":"","_tribe_ticket_not_going_count":"","_tribe_tickets_list":"[]","_tribe_ticket_has_attendee_info_fields":false},"product_brand":[],"product_cat":[28],"product_tag":[11896,11899,11894,11897,11893,11898,11895],"class_list":{"0":"post-12346","1":"product","2":"type-product","3":"status-publish","4":"has-post-thumbnail","6":"product_cat-livros","7":"product_tag-contabilidade","8":"product_tag-contabilidade-governamental","9":"product_tag-contabilidade-publica","10":"product_tag-direito","11":"product_tag-direito-municipal","12":"product_tag-lacuna","13":"product_tag-pratica","15":"first","16":"instock","17":"shipping-taxable","18":"purchasable","19":"product-type-simple"},"acf":[],"_links":{"self":[{"href":"https:\/\/sgpsolucoes.com.br\/site\/wp-json\/wp\/v2\/product\/12346"}],"collection":[{"href":"https:\/\/sgpsolucoes.com.br\/site\/wp-json\/wp\/v2\/product"}],"about":[{"href":"https:\/\/sgpsolucoes.com.br\/site\/wp-json\/wp\/v2\/types\/product"}],"replies":[{"embeddable":true,"href":"https:\/\/sgpsolucoes.com.br\/site\/wp-json\/wp\/v2\/comments?post=12346"}],"wp:featuredmedia":[{"embeddable":true,"href":"https:\/\/sgpsolucoes.com.br\/site\/wp-json\/wp\/v2\/media\/12347"}],"wp:attachment":[{"href":"https:\/\/sgpsolucoes.com.br\/site\/wp-json\/wp\/v2\/media?parent=12346"}],"wp:term":[{"taxonomy":"product_brand","embeddable":true,"href":"https:\/\/sgpsolucoes.com.br\/site\/wp-json\/wp\/v2\/product_brand?post=12346"},{"taxonomy":"product_cat","embeddable":true,"href":"https:\/\/sgpsolucoes.com.br\/site\/wp-json\/wp\/v2\/product_cat?post=12346"},{"taxonomy":"product_tag","embeddable":true,"href":"https:\/\/sgpsolucoes.com.br\/site\/wp-json\/wp\/v2\/product_tag?post=12346"}],"curies":[{"name":"wp","href":"https:\/\/api.w.org\/{rel}","templated":true}]}}