{"id":13117,"date":"2025-07-22T11:01:58","date_gmt":"2025-07-22T14:01:58","guid":{"rendered":"https:\/\/sgpsolucoes.com.br\/site\/?post_type=product&#038;p=13117"},"modified":"2026-03-19T11:22:34","modified_gmt":"2026-03-19T14:22:34","slug":"15-e-16-06-treinamento-inteligencia-artificial-generativa-e-governanca-para-o-poder-publico-transformacao-digital-e-vantegam-competitiva","status":"publish","type":"product","link":"https:\/\/sgpsolucoes.com.br\/site\/produto\/15-e-16-06-treinamento-inteligencia-artificial-generativa-e-governanca-para-o-poder-publico-transformacao-digital-e-vantegam-competitiva\/","title":{"rendered":"15 e 16\/06 &#8211; Treinamento: Intelig\u00eancia Artificial Generativa e Governan\u00e7a para o Poder P\u00fablico: Transforma\u00e7\u00e3o Digital e Vantagem Competitiva"},"content":{"rendered":"<p><b>On-line &#8211; Dias 15 e 16 de Junho de 2026<\/b><br \/>\n<strong>Carga hor\u00e1ria:<\/strong> 8 horas ( Divididos em dois dias de 4h )<br \/>\n<strong>Hor\u00e1rio:<\/strong> das 08h30 \u00e0s 12:30<\/p>\n<p><strong>Professor Confirmado no evento:<\/strong> Marcelo Fonseca Santos<\/p>\n<p><strong>Objetivo:<\/strong><\/p>\n<p>Capacitar agentes p\u00fablicos e pol\u00edticos no tocante a aspectos que v\u00e3o muito al\u00e9m do mero conhecimento jur\u00eddico, adentrando a seara da atual e indispens\u00e1vel compet\u00eancia em governan\u00e7a de tecnologia. A Intelig\u00eancia Artificial Generativa representa uma revolu\u00e7\u00e3o que vai al\u00e9m da automa\u00e7\u00e3o \u2013 ela transforma fundamentalmente como os servi\u00e7os desenvolvidos pelo Poder P\u00fablico s\u00e3o concebidos, executados e regulamentados.<\/p>\n<p>Este treinamento foi desenvolvido especificamente para \u00f3rg\u00e3o e entidades da Administra\u00e7\u00e3o P\u00fablica que desejam:<\/p>\n<ul>\n<li>Implementar IA com governan\u00e7a adequada;<\/li>\n<li>Garantir conformidade regulat\u00f3ria;<\/li>\n<li>Estabelecer protocolos de supervis\u00e3o humana;<\/li>\n<li>Maximizar benef\u00edcios minimizando riscos; e<\/li>\n<li>Liderar a transforma\u00e7\u00e3o digital do Setor P\u00fablico.<\/li>\n<\/ul>\n<p><strong>P\u00fablico-alvo:<\/strong><\/p>\n<ul>\n<li><em>agentes p\u00fablicos e pol\u00edticos em geral;<\/em><\/li>\n<li><em>diretores, coordenadores e demais respons\u00e1veis por \u00e1reas do \u00f3rg\u00e3o p\u00fablico;<\/em><\/li>\n<li><em>setores de compras e contrata\u00e7\u00f5es p\u00fablicas;<\/em><\/li>\n<li><em>gestores p\u00fablicos;<\/em><\/li>\n<li><em>agentes integrantes da fase interna ou preparat\u00f3ria das contrata\u00e7\u00f5es p\u00fablicas;<\/em><\/li>\n<li><em>integrantes de setores de licita\u00e7\u00f5es e contratos;<\/em><\/li>\n<li><em>integrantes de setores de compras e contrata\u00e7\u00f5es;<\/em><\/li>\n<li><em>assessores jur\u00eddicos, procuradores e advogados;<\/em><\/li>\n<li><em>agentes p\u00fablicos que atuam, direta ou indiretamente, no sistema de controle interno;<\/em><\/li>\n<li><em>todo agente p\u00fablico envolvido, direta ou indiretamente, em processos de contrata\u00e7\u00e3o pela Administra\u00e7\u00e3o P\u00fablica em geral;<\/em><\/li>\n<li><em>todo e qualquer profissional que atue ou pretenda atuar, direta ou indiretamente, com o tema. <\/em><\/li>\n<\/ul>\n\n    <div class=\"xs_social_share_widget xs_share_url after_content \t\tmain_content  wslu-style-1 wslu-share-box-shaped wslu-fill-colored wslu-none wslu-share-horizontal wslu-theme-font-no wslu-main_content\">\n\n\t\t\n        <ul>\n\t\t\t        <\/ul>\n    <\/div> \n","protected":false},"excerpt":{"rendered":"<p><strong>Conte\u00fado Program\u00e1tico Resumido<\/strong><\/p>\n<ol>\n<li><strong> Introdu\u00e7\u00e3o<\/strong><\/li>\n<\/ol>\n<p><strong>M\u00d3DULO 1: FUNDAMENTOS E MARCO REGULAT\u00d3RIO <\/strong><\/p>\n<ul>\n<li>Revolu\u00e7\u00e3o dos Dados no Poder P\u00fablico<\/li>\n<li>Conceitos Fundamentais de IA Generativa<\/li>\n<li>Marco Regulat\u00f3rio Brasileiro: PL n\u00b0 2.338\/2023<\/li>\n<li>Resolu\u00e7\u00e3o n\u00b0 615\/2025 do CNJ<\/li>\n<li><em>Frameworks<\/em> Internacionais (NIST, OCDE, UE)<\/li>\n<li>Princ\u00edpios \u00c9ticos e Responsabilidade Profissional<\/li>\n<\/ul>\n<p>Quer o Conte\u00fado Program\u00e1tico Completo? <span style=\"color: #0000ff;\"><a style=\"color: #0000ff;\" href=\"https:\/\/sgpsolucoes.com.br\/site\/solicitacao-do-conteudo-programatico-completo\/\" target=\"_blank\" rel=\"noopener\">Clique aqui<\/a><\/span> para solicitar!<\/p>\n","protected":false},"featured_media":17803,"comment_status":"open","ping_status":"closed","template":"","meta":{"postBodyCss":"","postBodyMargin":[],"postBodyPadding":[],"postBodyBackground":{"backgroundType":"classic","gradient":""},"_price":"1780.00","_stock":"","_tribe_ticket_header":"","_tribe_default_ticket_provider":"","_tribe_ticket_capacity":"0","_ticket_start_date":"","_ticket_end_date":"","_tribe_ticket_show_description":"","_tribe_ticket_show_not_going":false,"_tribe_ticket_use_global_stock":"","_tribe_ticket_global_stock_level":"","_global_stock_mode":"","_global_stock_cap":"","_tribe_rsvp_for_event":"","_tribe_ticket_going_count":"","_tribe_ticket_not_going_count":"","_tribe_tickets_list":"[]","_tribe_ticket_has_attendee_info_fields":false},"product_brand":[],"product_cat":[36,1325],"product_tag":[],"class_list":{"0":"post-13117","1":"product","2":"type-product","3":"status-publish","4":"has-post-thumbnail","6":"product_cat-treinamentos","7":"product_cat-junho-online","9":"first","10":"instock","11":"virtual","12":"purchasable","13":"product-type-simple"},"acf":[],"_links":{"self":[{"href":"https:\/\/sgpsolucoes.com.br\/site\/wp-json\/wp\/v2\/product\/13117"}],"collection":[{"href":"https:\/\/sgpsolucoes.com.br\/site\/wp-json\/wp\/v2\/product"}],"about":[{"href":"https:\/\/sgpsolucoes.com.br\/site\/wp-json\/wp\/v2\/types\/product"}],"replies":[{"embeddable":true,"href":"https:\/\/sgpsolucoes.com.br\/site\/wp-json\/wp\/v2\/comments?post=13117"}],"wp:featuredmedia":[{"embeddable":true,"href":"https:\/\/sgpsolucoes.com.br\/site\/wp-json\/wp\/v2\/media\/17803"}],"wp:attachment":[{"href":"https:\/\/sgpsolucoes.com.br\/site\/wp-json\/wp\/v2\/media?parent=13117"}],"wp:term":[{"taxonomy":"product_brand","embeddable":true,"href":"https:\/\/sgpsolucoes.com.br\/site\/wp-json\/wp\/v2\/product_brand?post=13117"},{"taxonomy":"product_cat","embeddable":true,"href":"https:\/\/sgpsolucoes.com.br\/site\/wp-json\/wp\/v2\/product_cat?post=13117"},{"taxonomy":"product_tag","embeddable":true,"href":"https:\/\/sgpsolucoes.com.br\/site\/wp-json\/wp\/v2\/product_tag?post=13117"}],"curies":[{"name":"wp","href":"https:\/\/api.w.org\/{rel}","templated":true}]}}