{"id":15558,"date":"2025-11-03T10:47:12","date_gmt":"2025-11-03T13:47:12","guid":{"rendered":"https:\/\/sgpsolucoes.com.br\/site\/?post_type=product&#038;p=15558"},"modified":"2026-03-17T10:36:53","modified_gmt":"2026-03-17T13:36:53","slug":"13-e-14-05-treinamento-gestao-e-fiscalizacao-dos-contratos-na-nova-lei-de-licitacoes-lei-n-14-133-2021-analise-de-casos-concretos","status":"publish","type":"product","link":"https:\/\/sgpsolucoes.com.br\/site\/produto\/13-e-14-05-treinamento-gestao-e-fiscalizacao-dos-contratos-na-nova-lei-de-licitacoes-lei-n-14-133-2021-analise-de-casos-concretos\/","title":{"rendered":"13 e 14\/05 &#8211; Treinamento: Gest\u00e3o e Fiscaliza\u00e7\u00e3o dos Contratos na nova Lei de Licita\u00e7\u00f5es (Lei n\u00b0 14.133\/2021) \u2013 An\u00e1lise de Casos Concretos"},"content":{"rendered":"<p><strong>On-line &#8211; Dias 13 e 14 de Maio de 2026<\/strong><br \/>\n<strong>Carga hor\u00e1ria:<\/strong> 8 horas ( Divididos em dois dias de 4h )<br \/>\n<strong>Hor\u00e1rio do Curso on-line:<\/strong> das 13h:00 \u00e0s 17h:00<\/p>\n<p><strong>Professor confirmado no evento:<\/strong> Gilberto Oliveira<\/p>\n<p><strong>Objetivo:<\/strong><br \/>\nAbordagem te\u00f3rica e pr\u00e1tica de temas relativos \u00e0 execu\u00e7\u00e3o, gest\u00e3o e fiscaliza\u00e7\u00e3o dos contratos administrativos, selecionados em raz\u00e3o de sua relev\u00e2ncia e complexidade, a fim de capacitar os gestores e\/ou fiscais de contratos e demais agentes p\u00fablicos envolvidos com a sua execu\u00e7\u00e3o, tornando mais eficaz a sua atua\u00e7\u00e3o.<\/p>\n<p><strong>P\u00fablico-alvo:<\/strong><br \/>\n\u2022 integrantes de setores de contratos;<br \/>\n\u2022 agentes envolvidos no seu acompanhamento e\/ou controle dos contratos;<br \/>\n\u2022 gestores e fiscais de contratos;<br \/>\n\u2022 integrantes de setores de contratos;<br \/>\n\u2022 respons\u00e1veis pela elabora\u00e7\u00e3o de contratos;<br \/>\n\u2022 assessores jur\u00eddicos, procuradores e advogados;<br \/>\n\u2022 todo e qualquer profissional que atua ou pretenda atuar direta ou indiretamente com o tema.<\/p>\n\n    <div class=\"xs_social_share_widget xs_share_url after_content \t\tmain_content  wslu-style-1 wslu-share-box-shaped wslu-fill-colored wslu-none wslu-share-horizontal wslu-theme-font-no wslu-main_content\">\n\n\t\t\n        <ul>\n\t\t\t        <\/ul>\n    <\/div> \n","protected":false},"excerpt":{"rendered":"<p><strong>Conte\u00fado Program\u00e1tico Resumido<\/strong><\/p>\n<p>Quer o Conte\u00fado Program\u00e1tico Completo? <span style=\"color: #0000ff;\"><a style=\"color: #0000ff;\" href=\"https:\/\/sgpsolucoes.com.br\/site\/solicitacao-do-conteudo-programatico-completo\/\" target=\"_blank\" rel=\"noopener\">Clique aqui<\/a><\/span> para solicitar!<\/p>\n<ul>\n<li>Contratos no contexto da Lei n\u00b0 14.133\/2021. No\u00e7\u00f5es gerais.<\/li>\n<li>Cl\u00e1usulas essenciais<\/li>\n<li>Validade e efic\u00e1cia<\/li>\n<li>Produ\u00e7\u00e3o de efeitos<\/li>\n<li>Contratos administrativos: a regra da fiel observ\u00e2ncia das cl\u00e1usulas aven\u00e7adas pelas partes<\/li>\n<li>Obriga\u00e7\u00f5es da Administra\u00e7\u00e3o P\u00fablica contratante e do particular contratado<\/li>\n<li>Acompanhamento e fiscaliza\u00e7\u00e3o da execu\u00e7\u00e3o contratual<\/li>\n<li>Gest\u00e3o e fiscaliza\u00e7\u00e3o da Lei n\u00b0 14.133\/2021<\/li>\n<li>Gestor e fiscal de contratos administrativos<\/li>\n<li>Perfil e designa\u00e7\u00e3o<\/li>\n<\/ul>\n","protected":false},"featured_media":17732,"comment_status":"open","ping_status":"closed","template":"","meta":{"postBodyCss":"","postBodyMargin":[],"postBodyPadding":[],"postBodyBackground":{"backgroundType":"classic","gradient":""},"_price":"1480.00","_stock":"","_tribe_ticket_header":"","_tribe_default_ticket_provider":"","_tribe_ticket_capacity":"0","_ticket_start_date":"","_ticket_end_date":"","_tribe_ticket_show_description":"","_tribe_ticket_show_not_going":false,"_tribe_ticket_use_global_stock":"","_tribe_ticket_global_stock_level":"","_global_stock_mode":"","_global_stock_cap":"","_tribe_rsvp_for_event":"","_tribe_ticket_going_count":"","_tribe_ticket_not_going_count":"","_tribe_tickets_list":"[]","_tribe_ticket_has_attendee_info_fields":false},"product_brand":[],"product_cat":[36,1324],"product_tag":[],"class_list":{"0":"post-15558","1":"product","2":"type-product","3":"status-publish","4":"has-post-thumbnail","6":"product_cat-treinamentos","7":"product_cat-maio-online","9":"first","10":"instock","11":"sale","12":"virtual","13":"purchasable","14":"product-type-simple"},"acf":[],"_links":{"self":[{"href":"https:\/\/sgpsolucoes.com.br\/site\/wp-json\/wp\/v2\/product\/15558"}],"collection":[{"href":"https:\/\/sgpsolucoes.com.br\/site\/wp-json\/wp\/v2\/product"}],"about":[{"href":"https:\/\/sgpsolucoes.com.br\/site\/wp-json\/wp\/v2\/types\/product"}],"replies":[{"embeddable":true,"href":"https:\/\/sgpsolucoes.com.br\/site\/wp-json\/wp\/v2\/comments?post=15558"}],"wp:featuredmedia":[{"embeddable":true,"href":"https:\/\/sgpsolucoes.com.br\/site\/wp-json\/wp\/v2\/media\/17732"}],"wp:attachment":[{"href":"https:\/\/sgpsolucoes.com.br\/site\/wp-json\/wp\/v2\/media?parent=15558"}],"wp:term":[{"taxonomy":"product_brand","embeddable":true,"href":"https:\/\/sgpsolucoes.com.br\/site\/wp-json\/wp\/v2\/product_brand?post=15558"},{"taxonomy":"product_cat","embeddable":true,"href":"https:\/\/sgpsolucoes.com.br\/site\/wp-json\/wp\/v2\/product_cat?post=15558"},{"taxonomy":"product_tag","embeddable":true,"href":"https:\/\/sgpsolucoes.com.br\/site\/wp-json\/wp\/v2\/product_tag?post=15558"}],"curies":[{"name":"wp","href":"https:\/\/api.w.org\/{rel}","templated":true}]}}