{"id":16289,"date":"2025-12-16T10:01:57","date_gmt":"2025-12-16T13:01:57","guid":{"rendered":"https:\/\/sgpsolucoes.com.br\/site\/?post_type=product&#038;p=16289"},"modified":"2026-04-22T10:14:46","modified_gmt":"2026-04-22T13:14:46","slug":"06-05-a-16-12-mentoria-pratica-nova-lei-de-licitacoes-e-contratos-administrativo","status":"publish","type":"product","link":"https:\/\/sgpsolucoes.com.br\/site\/produto\/06-05-a-16-12-mentoria-pratica-nova-lei-de-licitacoes-e-contratos-administrativo\/","title":{"rendered":"06\/05 a 16\/12 &#8211; Mentoria Pr\u00e1tica: Nova Lei de Licita\u00e7\u00f5es e Contratos Administrativos"},"content":{"rendered":"<p><strong>On-line &#8211; 06 de Maio a 16 de Dezembro de 2026<\/strong><\/p>\n<p><strong>Carga hor\u00e1ria:<\/strong> 90h<\/p>\n<p><strong>Hor\u00e1rio do curso:<\/strong> 09 \u00e1s 12h ( Encontros semanais )<\/p>\n<p><strong>Professor confirmado: Gilberto Oliveira<\/strong><\/p>\n<p><strong>O que vc vai aprender:<\/strong><\/p>\n<ul>\n<li><strong>An\u00e1lise aprofundada da Lei n\u00b0 14.133\/2021<\/strong><\/li>\n<li><strong>Resolu\u00e7\u00e3o de quest\u00f5es pr\u00e1ticas e casos concretos<\/strong><\/li>\n<li><strong>Debates e estudos de casos reais<\/strong><\/li>\n<li><strong>Cautelas nas fases preparat\u00f3ria, externa e execut\u00f3ria<\/strong><\/li>\n<li><strong>Instrumentos necess\u00e1rios para contrata\u00e7\u00f5es p\u00fablicas<\/strong><\/li>\n<li><strong>Jurisprud\u00eancia atual e predominante<\/strong><\/li>\n<\/ul>\n<p>&nbsp;<\/p>\n<p><strong>Como vai funcionar:<\/strong><\/p>\n<ul>\n<li><strong>30 encontros ao vivo (90 horas)<\/strong><\/li>\n<li><strong>Participa\u00e7\u00e3o efetiva em tempo real<\/strong><\/li>\n<li><strong>Solu\u00e7\u00f5es para casos concretos apresentados pelos participantes<\/strong><\/li>\n<li><strong>Esclarecimento de todas as d\u00favidas<\/strong><\/li>\n<\/ul>\n<p><strong>\u00a0<\/strong><\/p>\n<p><strong>O que vc vai receber:<\/strong><\/p>\n<ul>\n<li><strong>Material did\u00e1tico exclusivo<\/strong><\/li>\n<li><strong>Orienta\u00e7\u00f5es nos seus casos concretos<\/strong><\/li>\n<li><strong>Acesso \u00e0s grava\u00e7\u00f5es dos encontros<\/strong><\/li>\n<li><strong>Aux\u00edlio p\u00f3s-mentoria<\/strong><\/li>\n<li><strong>Certificado de participa\u00e7\u00e3o<\/strong><\/li>\n<\/ul>\n\n    <div class=\"xs_social_share_widget xs_share_url after_content \t\tmain_content  wslu-style-1 wslu-share-box-shaped wslu-fill-colored wslu-none wslu-share-horizontal wslu-theme-font-no wslu-main_content\">\n\n\t\t\n        <ul>\n\t\t\t        <\/ul>\n    <\/div> \n","protected":false},"excerpt":{"rendered":"<p><strong>N\u00e3o perca essa oportunidade! Junte-se a n\u00f3s e aprimore sua expertise em Licita\u00e7\u00f5es e Contratos Administrativos.<\/strong><strong>\u00a0<\/strong><\/p>\n<ul>\n<li><strong>Previs\u00e3o de in\u00edcio:<\/strong> <strong>06\/05\/2026<\/strong><\/li>\n<li><strong>Previs\u00e3o de t\u00e9rmino:<\/strong> <strong>16\/12\/2026<\/strong><\/li>\n<li><strong>Dias:<\/strong> <strong>\u00e0s quartas-feiras <\/strong><\/li>\n<li><strong>Hor\u00e1rio:<\/strong><strong> das 9 \u00e0s 12h<\/strong><\/li>\n<li><strong>Local:<\/strong> <strong>Plataforma Google Meet<\/strong><\/li>\n<\/ul>\n","protected":false},"featured_media":17665,"comment_status":"open","ping_status":"closed","template":"","meta":{"postBodyCss":"","postBodyMargin":[],"postBodyPadding":[],"postBodyBackground":{"backgroundType":"classic","gradient":""},"_price":"3590.00","_stock":"","_tribe_ticket_header":"","_tribe_default_ticket_provider":"","_tribe_ticket_capacity":"0","_ticket_start_date":"","_ticket_end_date":"","_tribe_ticket_show_description":"","_tribe_ticket_show_not_going":false,"_tribe_ticket_use_global_stock":"","_tribe_ticket_global_stock_level":"","_global_stock_mode":"","_global_stock_cap":"","_tribe_rsvp_for_event":"","_tribe_ticket_going_count":"","_tribe_ticket_not_going_count":"","_tribe_tickets_list":"[]","_tribe_ticket_has_attendee_info_fields":false},"product_brand":[],"product_cat":[36,1324],"product_tag":[],"class_list":{"0":"post-16289","1":"product","2":"type-product","3":"status-publish","4":"has-post-thumbnail","6":"product_cat-treinamentos","7":"product_cat-maio-online","9":"first","10":"instock","11":"virtual","12":"purchasable","13":"product-type-simple"},"acf":[],"_links":{"self":[{"href":"https:\/\/sgpsolucoes.com.br\/site\/wp-json\/wp\/v2\/product\/16289"}],"collection":[{"href":"https:\/\/sgpsolucoes.com.br\/site\/wp-json\/wp\/v2\/product"}],"about":[{"href":"https:\/\/sgpsolucoes.com.br\/site\/wp-json\/wp\/v2\/types\/product"}],"replies":[{"embeddable":true,"href":"https:\/\/sgpsolucoes.com.br\/site\/wp-json\/wp\/v2\/comments?post=16289"}],"wp:featuredmedia":[{"embeddable":true,"href":"https:\/\/sgpsolucoes.com.br\/site\/wp-json\/wp\/v2\/media\/17665"}],"wp:attachment":[{"href":"https:\/\/sgpsolucoes.com.br\/site\/wp-json\/wp\/v2\/media?parent=16289"}],"wp:term":[{"taxonomy":"product_brand","embeddable":true,"href":"https:\/\/sgpsolucoes.com.br\/site\/wp-json\/wp\/v2\/product_brand?post=16289"},{"taxonomy":"product_cat","embeddable":true,"href":"https:\/\/sgpsolucoes.com.br\/site\/wp-json\/wp\/v2\/product_cat?post=16289"},{"taxonomy":"product_tag","embeddable":true,"href":"https:\/\/sgpsolucoes.com.br\/site\/wp-json\/wp\/v2\/product_tag?post=16289"}],"curies":[{"name":"wp","href":"https:\/\/api.w.org\/{rel}","templated":true}]}}