{"id":16810,"date":"2026-01-23T13:46:35","date_gmt":"2026-01-23T16:46:35","guid":{"rendered":"https:\/\/sgpsolucoes.com.br\/site\/?post_type=product&#038;p=16810"},"modified":"2026-04-25T11:09:18","modified_gmt":"2026-04-25T14:09:18","slug":"28-e-28-04-o-novo-modelo-tributario-na-eficiencia-administrativa","status":"publish","type":"product","link":"https:\/\/sgpsolucoes.com.br\/site\/produto\/28-e-28-04-o-novo-modelo-tributario-na-eficiencia-administrativa\/","title":{"rendered":"27 e 28\/04 &#8211; O Novo Modelo Tribut\u00e1rio na Efici\u00eancia Administrativa"},"content":{"rendered":"<p><strong>On-line &#8211; Dias 27 e 28 de Abril de 2026<\/strong><br \/>\n<strong>Carga hor\u00e1ria:<\/strong> 8 horas ( Divididos em dois dias de 4h )<br \/>\n<strong>Hor\u00e1rio do Curso on-line:<\/strong> das 08h30 \u00e0s 12h30<\/p>\n<p><strong>Professora confirmada no evento:<\/strong> Luiza Noronha Siqueira<\/p>\n<p><strong>Objetivo: <\/strong>Capacitar os servidores p\u00fablicos para compreender e aplicar as mudan\u00e7as estruturais da Reforma Tribut\u00e1ria para que estejam preparados para os impactos operacionais, administrativos, tecnol\u00f3gicos e de atendimento ao contribuinte, na busca do aumento da efici\u00eancia administrativa, na conformidade fiscal e prepara\u00e7\u00e3o institucional.<\/p>\n<p>&nbsp;<\/p>\n<p><strong>P\u00fablico-alvo:<\/strong><\/p>\n<ul>\n<li><em>advogados, procuradores, assessores, consultores jur\u00eddicos;<\/em><\/li>\n<li><em>auditores fiscais;<\/em><\/li>\n<li><em>servidores p\u00fablicos em geral;<\/em><\/li>\n<li><em>servidores do fisco municipal; <\/em><\/li>\n<li><em>gestores da administra\u00e7\u00e3o tribut\u00e1ria;<\/em><\/li>\n<li><em>outros profissionais que atuam na esfera da tributa\u00e7\u00e3o;<\/em><\/li>\n<li><em>todo e qualquer profissional que atue ou pretenda atuar, direta ou indiretamente, com o tema.<\/em><\/li>\n<\/ul>\n\n    <div class=\"xs_social_share_widget xs_share_url after_content \t\tmain_content  wslu-style-1 wslu-share-box-shaped wslu-fill-colored wslu-none wslu-share-horizontal wslu-theme-font-no wslu-main_content\">\n\n\t\t\n        <ul>\n\t\t\t        <\/ul>\n    <\/div> \n","protected":false},"excerpt":{"rendered":"<p><strong>Conte\u00fado Program\u00e1tico Resumido<\/strong><\/p>\n<ol>\n<li>Contexto hist\u00f3rico e desafios do sistema tribut\u00e1rio atual<\/li>\n<li>Objetivos da Reforma Tribut\u00e1ria<\/li>\n<li>Principais altera\u00e7\u00f5es:\n<ol>\n<li>Unifica\u00e7\u00e3o dos tributos de consumo;<\/li>\n<li>O IVA e a nova l\u00f3gica tribut\u00e1ria;<\/li>\n<li>IBS, CBS e IS;<\/li>\n<li>Cr\u00e9dito financeiro;<\/li>\n<li>Tributa\u00e7\u00e3o no destino;<\/li>\n<li><em>Cashback; <\/em><\/li>\n<li><em>Split Payment<\/em>.<\/li>\n<\/ol>\n<\/li>\n<\/ol>\n<p>Quer o Conte\u00fado Program\u00e1tico Completo? <span style=\"color: #0000ff;\"><a style=\"color: #0000ff;\" href=\"https:\/\/sgpsolucoes.com.br\/site\/solicitacao-do-conteudo-programatico-completo\/\" target=\"_blank\" rel=\"noopener\">Clique aqui<\/a><\/span> para solicitar!<\/p>\n<p>&nbsp;<\/p>\n","protected":false},"featured_media":17717,"comment_status":"open","ping_status":"closed","template":"","meta":{"postBodyCss":"","postBodyMargin":[],"postBodyPadding":[],"postBodyBackground":{"backgroundType":"classic","gradient":""},"_price":"1480.00","_stock":"","_tribe_ticket_header":"","_tribe_default_ticket_provider":"","_tribe_ticket_capacity":"0","_ticket_start_date":"","_ticket_end_date":"","_tribe_ticket_show_description":"","_tribe_ticket_show_not_going":false,"_tribe_ticket_use_global_stock":"","_tribe_ticket_global_stock_level":"","_global_stock_mode":"","_global_stock_cap":"","_tribe_rsvp_for_event":"","_tribe_ticket_going_count":"","_tribe_ticket_not_going_count":"","_tribe_tickets_list":"[]","_tribe_ticket_has_attendee_info_fields":false},"product_brand":[],"product_cat":[36,1315],"product_tag":[],"class_list":{"0":"post-16810","1":"product","2":"type-product","3":"status-publish","4":"has-post-thumbnail","6":"product_cat-treinamentos","7":"product_cat-abril-online","9":"first","10":"instock","11":"sale","12":"virtual","13":"purchasable","14":"product-type-simple"},"acf":[],"_links":{"self":[{"href":"https:\/\/sgpsolucoes.com.br\/site\/wp-json\/wp\/v2\/product\/16810"}],"collection":[{"href":"https:\/\/sgpsolucoes.com.br\/site\/wp-json\/wp\/v2\/product"}],"about":[{"href":"https:\/\/sgpsolucoes.com.br\/site\/wp-json\/wp\/v2\/types\/product"}],"replies":[{"embeddable":true,"href":"https:\/\/sgpsolucoes.com.br\/site\/wp-json\/wp\/v2\/comments?post=16810"}],"wp:featuredmedia":[{"embeddable":true,"href":"https:\/\/sgpsolucoes.com.br\/site\/wp-json\/wp\/v2\/media\/17717"}],"wp:attachment":[{"href":"https:\/\/sgpsolucoes.com.br\/site\/wp-json\/wp\/v2\/media?parent=16810"}],"wp:term":[{"taxonomy":"product_brand","embeddable":true,"href":"https:\/\/sgpsolucoes.com.br\/site\/wp-json\/wp\/v2\/product_brand?post=16810"},{"taxonomy":"product_cat","embeddable":true,"href":"https:\/\/sgpsolucoes.com.br\/site\/wp-json\/wp\/v2\/product_cat?post=16810"},{"taxonomy":"product_tag","embeddable":true,"href":"https:\/\/sgpsolucoes.com.br\/site\/wp-json\/wp\/v2\/product_tag?post=16810"}],"curies":[{"name":"wp","href":"https:\/\/api.w.org\/{rel}","templated":true}]}}