{"id":17746,"date":"2026-03-17T12:06:48","date_gmt":"2026-03-17T15:06:48","guid":{"rendered":"https:\/\/sgpsolucoes.com.br\/site\/?post_type=product&#038;p=17746"},"modified":"2026-03-17T12:19:42","modified_gmt":"2026-03-17T15:19:42","slug":"11-06-curso-projeto-basico-projeto-executivo-termo-de-referencia-anteprojeto-e-estudo-tecnico-preliminar-na-nova-lei-de-licitacoes","status":"publish","type":"product","link":"https:\/\/sgpsolucoes.com.br\/site\/produto\/11-06-curso-projeto-basico-projeto-executivo-termo-de-referencia-anteprojeto-e-estudo-tecnico-preliminar-na-nova-lei-de-licitacoes\/","title":{"rendered":"11\/06 &#8211; Curso: Projeto B\u00e1sico, Projeto Executivo, Termo de Refer\u00eancia, Anteprojeto e Estudo T\u00e9cnico Preliminar na nova Lei de Licita\u00e7\u00f5es"},"content":{"rendered":"<p><strong>Sede da SGP &#8211; SP &#8211;\u00a0<\/strong>Dia 11 de Junho de 2026<br \/>\n<strong>Carga hor\u00e1ria:<\/strong> 8 horas<br \/>\n<strong>Hor\u00e1rio:<\/strong> das 08h30 \u00e0s 17h30<\/p>\n<p><strong>Coffee Break<\/strong>: 10h:15 \u00e0s 10h:30 e 15h:30 \u00e0s 15h:45<\/p>\n<p><strong>Intervalo<\/strong>: 12h:30 \u00e0s 13h:30<\/p>\n<p><strong>Professora confirmada no evento:<\/strong> Luciana Andr\u00e9a Accorsi Berardi<\/p>\n<p><strong>Objetivo:<\/strong><\/p>\n<p>O sucesso das contrata\u00e7\u00f5es p\u00fablicas depende da perfeita elabora\u00e7\u00e3o de anteprojeto, estudo t\u00e9cnico preliminar, projeto b\u00e1sico, projeto executivo e\/ou termo de refer\u00eancia. Em face da extrema import\u00e2ncia de tais instrumentos, apresentamos este curso espec\u00edfico, que visa esclarecer os principais <em>aspectos jur\u00eddicos <\/em>destes documentos necess\u00e1rios nos processos de contrata\u00e7\u00e3o, suas especificidades e distin\u00e7\u00f5es.<\/p>\n<p><strong>P\u00fablico-alvo:<\/strong><\/p>\n<ul>\n<li>agentes respons\u00e1veis pela elabora\u00e7\u00e3o de anteprojeto, estudo t\u00e9cnico preliminar, projeto b\u00e1sico, projeto executivo e\/ou termo de refer\u00eancia<em>; <\/em><\/li>\n<li><em>integrantes de setores de licita\u00e7\u00e3o;<\/em><\/li>\n<li><em>pregoeiros, integrantes de equipes de apoio e membros de comiss\u00f5es de licita\u00e7\u00e3o;<\/em><\/li>\n<li><em>assessores jur\u00eddicos, procuradores e advogados;<\/em><\/li>\n<li><em>todo e qualquer profissional que atue, direta ou indiretamente, com o tema<\/em>.<\/li>\n<\/ul>\n<p>&nbsp;<\/p>\n\n    <div class=\"xs_social_share_widget xs_share_url after_content \t\tmain_content  wslu-style-1 wslu-share-box-shaped wslu-fill-colored wslu-none wslu-share-horizontal wslu-theme-font-no wslu-main_content\">\n\n\t\t\n        <ul>\n\t\t\t        <\/ul>\n    <\/div> \n","protected":false},"excerpt":{"rendered":"<p><strong>Conte\u00fado Program\u00e1tico Resumido<\/strong><\/p>\n<ul>\n<li>Legisla\u00e7\u00e3o aplic\u00e1vel<\/li>\n<li>Princ\u00edpios constitucionais e legais<\/li>\n<li>Fase interna e fase externa das licita\u00e7\u00f5es<\/li>\n<li>Planejamento das licita\u00e7\u00f5es<\/li>\n<li>A Elabora\u00e7\u00e3o do Edital de acordo com o projeto b\u00e1sico ou termo de refer\u00eancia<\/li>\n<li>Pesquisa mercadol\u00f3gica, estimativa e fontes de pre\u00e7o<\/li>\n<li>Fixa\u00e7\u00e3o do valor estimado e do pre\u00e7o m\u00e1ximo<\/li>\n<li>Divulga\u00e7\u00e3o dos valores estimado e m\u00e1ximo<\/li>\n<li>Obrigatoriedade de constarem do edital ou do processo?<\/li>\n<li>Falhas mais comuns na pesquisa de pre\u00e7os<\/li>\n<\/ul>\n<p>Quer o Conte\u00fado Program\u00e1tico Completo? <span style=\"color: #0000ff;\"><a style=\"color: #0000ff;\" href=\"https:\/\/sgpsolucoes.com.br\/site\/solicitacao-do-conteudo-programatico-completo\/\" target=\"_blank\" rel=\"noopener\">Clique aqui<\/a><\/span> para solicitar!<\/p>\n","protected":false},"featured_media":17747,"comment_status":"open","ping_status":"closed","template":"","meta":{"postBodyCss":"","postBodyMargin":[],"postBodyPadding":[],"postBodyBackground":{"backgroundType":"classic","gradient":""},"_price":"2220.00","_stock":"","_tribe_ticket_header":"","_tribe_default_ticket_provider":"","_tribe_ticket_capacity":"0","_ticket_start_date":"","_ticket_end_date":"","_tribe_ticket_show_description":"","_tribe_ticket_show_not_going":false,"_tribe_ticket_use_global_stock":"","_tribe_ticket_global_stock_level":"","_global_stock_mode":"","_global_stock_cap":"","_tribe_rsvp_for_event":"","_tribe_ticket_going_count":"","_tribe_ticket_not_going_count":"","_tribe_tickets_list":"[]","_tribe_ticket_has_attendee_info_fields":false},"product_brand":[],"product_cat":[36,60],"product_tag":[],"class_list":{"0":"post-17746","1":"product","2":"type-product","3":"status-publish","4":"has-post-thumbnail","6":"product_cat-treinamentos","7":"product_cat-junho-presencial","9":"first","10":"instock","11":"virtual","12":"purchasable","13":"product-type-simple"},"acf":[],"_links":{"self":[{"href":"https:\/\/sgpsolucoes.com.br\/site\/wp-json\/wp\/v2\/product\/17746"}],"collection":[{"href":"https:\/\/sgpsolucoes.com.br\/site\/wp-json\/wp\/v2\/product"}],"about":[{"href":"https:\/\/sgpsolucoes.com.br\/site\/wp-json\/wp\/v2\/types\/product"}],"replies":[{"embeddable":true,"href":"https:\/\/sgpsolucoes.com.br\/site\/wp-json\/wp\/v2\/comments?post=17746"}],"wp:featuredmedia":[{"embeddable":true,"href":"https:\/\/sgpsolucoes.com.br\/site\/wp-json\/wp\/v2\/media\/17747"}],"wp:attachment":[{"href":"https:\/\/sgpsolucoes.com.br\/site\/wp-json\/wp\/v2\/media?parent=17746"}],"wp:term":[{"taxonomy":"product_brand","embeddable":true,"href":"https:\/\/sgpsolucoes.com.br\/site\/wp-json\/wp\/v2\/product_brand?post=17746"},{"taxonomy":"product_cat","embeddable":true,"href":"https:\/\/sgpsolucoes.com.br\/site\/wp-json\/wp\/v2\/product_cat?post=17746"},{"taxonomy":"product_tag","embeddable":true,"href":"https:\/\/sgpsolucoes.com.br\/site\/wp-json\/wp\/v2\/product_tag?post=17746"}],"curies":[{"name":"wp","href":"https:\/\/api.w.org\/{rel}","templated":true}]}}