{"id":18165,"date":"2026-04-07T12:57:32","date_gmt":"2026-04-07T15:57:32","guid":{"rendered":"https:\/\/sgpsolucoes.com.br\/site\/?post_type=product&#038;p=18165"},"modified":"2026-04-07T13:11:49","modified_gmt":"2026-04-07T16:11:49","slug":"transicao-administrativa-da-gestao-municipal-no-brasil-no-sistema-constitucional-de-garantias","status":"publish","type":"product","link":"https:\/\/sgpsolucoes.com.br\/site\/produto\/transicao-administrativa-da-gestao-municipal-no-brasil-no-sistema-constitucional-de-garantias\/","title":{"rendered":"Transi\u00e7\u00e3o Administrativa da Gest\u00e3o Municipal no Brasil: No Sistema Constitucional de Garantias"},"content":{"rendered":"<p><strong>Informa\u00e7\u00f5es sobre o produto<\/strong><\/p>\n<p>Este livro aborda um tema crucial para a gest\u00e3o p\u00fablica municipal: a transi\u00e7\u00e3o administrativa.<\/p>\n<p>Com a mudan\u00e7a de governo, \u00e9 fundamental garantir a continuidade dos servi\u00e7os p\u00fablicos essenciais e proteger os direitos dos cidad\u00e3os.<\/p>\n<p>O objetivo deste estudo \u00e9 aprofundar a an\u00e1lise do processo de transi\u00e7\u00e3o administrativa, examinando seu papel na transfer\u00eancia de poder e responsabilidades, e destacando sua import\u00e2ncia no contexto do Estado moderno.<\/p>\n<p>Al\u00e9m disso, busca-se contribuir para que os munic\u00edpios compreendam sua situa\u00e7\u00e3o real e estabele\u00e7am um processo de transi\u00e7\u00e3o institucional, apoiando os gestores municipais e outros intervenientes nesse momento cr\u00edtico.<\/p>\n<p>Com uma abordagem clara e objetiva, este livro apresenta os procedimentos e formas de atua\u00e7\u00e3o necess\u00e1rios para uma transi\u00e7\u00e3o administrativa eficaz, destacando a import\u00e2ncia da institucionaliza\u00e7\u00e3o desse processo para garantir a continuidade dos servi\u00e7os p\u00fablicos e o bem-estar da comunidade.<\/p>\n<p><strong>Autor(es):<\/strong><\/p>\n<p>Marcelo Silva Souza<\/p>\n\n    <div class=\"xs_social_share_widget xs_share_url after_content \t\tmain_content  wslu-style-1 wslu-share-box-shaped wslu-fill-colored wslu-none wslu-share-horizontal wslu-theme-font-no wslu-main_content\">\n\n\t\t\n        <ul>\n\t\t\t        <\/ul>\n    <\/div> \n","protected":false},"excerpt":{"rendered":"<p>Este livro aborda um tema crucial para a gest\u00e3o p\u00fablica municipal: a transi\u00e7\u00e3o administrativa.\u00a0 O objetivo deste estudo \u00e9 aprofundar a an\u00e1lise do processo de transi\u00e7\u00e3o administrativa, examinando seu papel na transfer\u00eancia de poder e responsabilidades, e destacando sua import\u00e2ncia no contexto do Estado moderno.<\/p>\n","protected":false},"featured_media":18154,"comment_status":"open","ping_status":"closed","template":"","meta":{"postBodyCss":"","postBodyMargin":[],"postBodyPadding":[],"postBodyBackground":{"backgroundType":"classic","gradient":""},"_price":"80","_stock":"7","_tribe_ticket_header":"","_tribe_default_ticket_provider":"","_tribe_ticket_capacity":"10","_ticket_start_date":"","_ticket_end_date":"","_tribe_ticket_show_description":"","_tribe_ticket_show_not_going":false,"_tribe_ticket_use_global_stock":"","_tribe_ticket_global_stock_level":"","_global_stock_mode":"","_global_stock_cap":"","_tribe_rsvp_for_event":"","_tribe_ticket_going_count":"","_tribe_ticket_not_going_count":"","_tribe_tickets_list":"[]","_tribe_ticket_has_attendee_info_fields":false},"product_brand":[],"product_cat":[28],"product_tag":[],"class_list":{"0":"post-18165","1":"product","2":"type-product","3":"status-publish","4":"has-post-thumbnail","6":"product_cat-livros","8":"first","9":"instock","10":"sale","11":"shipping-taxable","12":"purchasable","13":"product-type-simple"},"acf":[],"_links":{"self":[{"href":"https:\/\/sgpsolucoes.com.br\/site\/wp-json\/wp\/v2\/product\/18165"}],"collection":[{"href":"https:\/\/sgpsolucoes.com.br\/site\/wp-json\/wp\/v2\/product"}],"about":[{"href":"https:\/\/sgpsolucoes.com.br\/site\/wp-json\/wp\/v2\/types\/product"}],"replies":[{"embeddable":true,"href":"https:\/\/sgpsolucoes.com.br\/site\/wp-json\/wp\/v2\/comments?post=18165"}],"wp:featuredmedia":[{"embeddable":true,"href":"https:\/\/sgpsolucoes.com.br\/site\/wp-json\/wp\/v2\/media\/18154"}],"wp:attachment":[{"href":"https:\/\/sgpsolucoes.com.br\/site\/wp-json\/wp\/v2\/media?parent=18165"}],"wp:term":[{"taxonomy":"product_brand","embeddable":true,"href":"https:\/\/sgpsolucoes.com.br\/site\/wp-json\/wp\/v2\/product_brand?post=18165"},{"taxonomy":"product_cat","embeddable":true,"href":"https:\/\/sgpsolucoes.com.br\/site\/wp-json\/wp\/v2\/product_cat?post=18165"},{"taxonomy":"product_tag","embeddable":true,"href":"https:\/\/sgpsolucoes.com.br\/site\/wp-json\/wp\/v2\/product_tag?post=18165"}],"curies":[{"name":"wp","href":"https:\/\/api.w.org\/{rel}","templated":true}]}}