{"id":1966,"date":"2024-05-20T21:49:34","date_gmt":"2024-05-20T21:49:34","guid":{"rendered":"https:\/\/sgpsolucoes.com.br\/site\/?post_type=product&#038;p=1966"},"modified":"2026-01-01T00:02:09","modified_gmt":"2026-01-01T03:02:09","slug":"temas-polemicos-de-direito-publico-um-compendio-pontual-e-critico-de-questoes-relevantes-para-quem-atua-com-a-administracao-publica","status":"publish","type":"product","link":"https:\/\/sgpsolucoes.com.br\/site\/produto\/temas-polemicos-de-direito-publico-um-compendio-pontual-e-critico-de-questoes-relevantes-para-quem-atua-com-a-administracao-publica\/","title":{"rendered":"Temas Pol\u00eamicos de Direito P\u00fablico: um comp\u00eandio pontual e cr\u00edtico de quest\u00f5es relevantes para quem atua com a Administra\u00e7\u00e3o P\u00fablica"},"content":{"rendered":"<p>A cada artigo, os leitores ser\u00e3o surpreendidos por textos muito bem estruturados pelo autor e tamb\u00e9m por alguns ilustres coautores, a exemplo de Cristiana Fortini, Maria Fernanda Veloso Pires, Felipe Leite Alves de Almeida e Felipe Lopes Vieira Vasconcelos, sempre com uma linguagem clara, direta e precisa, na busca de conclus\u00f5es que efetivamente possam ser \u00fateis no dia a dia daqueles que atuam com a Administra\u00e7\u00e3o P\u00fablica.<\/p>\n<p>Se voc\u00ea busca uma obra de Direito P\u00fablico que vai al\u00e9m dos manuais tradicionais, com temas pouco ou nada explorados at\u00e9 o presente momento no mercado editorial, ent\u00e3o voc\u00ea acabou de encontrar!<\/p>\n<p>Aprofunde-se em institutos pouco explorados, a exemplo da relicita\u00e7\u00e3o e da arbitragem; entenda o correto enquadramento da hip\u00f3tese de aquisi\u00e7\u00e3o ou loca\u00e7\u00e3o de im\u00f3vel como inexigibilidade de licita\u00e7\u00e3o; aprenda a aplicar valiosos princ\u00edpios no novo procedimento licitat\u00f3rio; descubra importantes peculiaridades relacionadas a contratos de concess\u00e3o, contratos de PPP, bem como contratos administrativos em geral; reflita sobre os aspectos mais controversos relacionados \u00e0 improbidade administrativa; entenda a import\u00e2ncia da intelig\u00eancia artificial no \u00e2mbito do Poder P\u00fablico; conhe\u00e7a os limites da interfer\u00eancia do Poder Judici\u00e1rio em atos administrativos; aprofunde-se em diversos outros temas pol\u00eamicos e de extrema relev\u00e2ncia.<\/p>\n\n    <div class=\"xs_social_share_widget xs_share_url after_content \t\tmain_content  wslu-style-1 wslu-share-box-shaped wslu-fill-colored wslu-none wslu-share-horizontal wslu-theme-font-no wslu-main_content\">\n\n\t\t\n        <ul>\n\t\t\t        <\/ul>\n    <\/div> \n","protected":false},"excerpt":{"rendered":"<p>Esta obra trata-se verdadeiramente de um extraordin\u00e1rio comp\u00eandio de quest\u00f5es relevant\u00edssimas para quem atua com a Administra\u00e7\u00e3o P\u00fablica.<\/p>\n<p>O brilhante autor Caio M\u00e1rio Lana Cavalcanti, com a maestria que lhe \u00e9 peculiar, aborda os mais variados e importantes temas do Direito P\u00fablico com uma an\u00e1lise t\u00e9cnica precisa e certeira, buscando sempre n\u00e3o s\u00f3 criticar o que deve ser criticado, mas principalmente apresentar as melhores solu\u00e7\u00f5es pr\u00e1ticas e reflex\u00f5es sobre cada tema abordado.<\/p>\n","protected":false},"featured_media":2551,"comment_status":"open","ping_status":"closed","template":"","meta":{"postBodyCss":"","postBodyMargin":[],"postBodyPadding":[],"postBodyBackground":{"backgroundType":"classic","gradient":""},"_price":"220","_stock":"10","_tribe_ticket_header":"","_tribe_default_ticket_provider":"","_tribe_ticket_capacity":"10","_ticket_start_date":"","_ticket_end_date":"","_tribe_ticket_show_description":"","_tribe_ticket_show_not_going":false,"_tribe_ticket_use_global_stock":"","_tribe_ticket_global_stock_level":"","_global_stock_mode":"","_global_stock_cap":"","_tribe_rsvp_for_event":"","_tribe_ticket_going_count":"","_tribe_ticket_not_going_count":"","_tribe_tickets_list":"[]","_tribe_ticket_has_attendee_info_fields":false},"product_brand":[],"product_cat":[28],"product_tag":[],"class_list":{"0":"post-1966","1":"product","2":"type-product","3":"status-publish","4":"has-post-thumbnail","6":"product_cat-livros","8":"first","9":"instock","10":"shipping-taxable","11":"purchasable","12":"product-type-simple"},"acf":[],"_links":{"self":[{"href":"https:\/\/sgpsolucoes.com.br\/site\/wp-json\/wp\/v2\/product\/1966"}],"collection":[{"href":"https:\/\/sgpsolucoes.com.br\/site\/wp-json\/wp\/v2\/product"}],"about":[{"href":"https:\/\/sgpsolucoes.com.br\/site\/wp-json\/wp\/v2\/types\/product"}],"replies":[{"embeddable":true,"href":"https:\/\/sgpsolucoes.com.br\/site\/wp-json\/wp\/v2\/comments?post=1966"}],"wp:featuredmedia":[{"embeddable":true,"href":"https:\/\/sgpsolucoes.com.br\/site\/wp-json\/wp\/v2\/media\/2551"}],"wp:attachment":[{"href":"https:\/\/sgpsolucoes.com.br\/site\/wp-json\/wp\/v2\/media?parent=1966"}],"wp:term":[{"taxonomy":"product_brand","embeddable":true,"href":"https:\/\/sgpsolucoes.com.br\/site\/wp-json\/wp\/v2\/product_brand?post=1966"},{"taxonomy":"product_cat","embeddable":true,"href":"https:\/\/sgpsolucoes.com.br\/site\/wp-json\/wp\/v2\/product_cat?post=1966"},{"taxonomy":"product_tag","embeddable":true,"href":"https:\/\/sgpsolucoes.com.br\/site\/wp-json\/wp\/v2\/product_tag?post=1966"}],"curies":[{"name":"wp","href":"https:\/\/api.w.org\/{rel}","templated":true}]}}