{"id":2131,"date":"2024-05-25T18:37:12","date_gmt":"2024-05-25T18:37:12","guid":{"rendered":"https:\/\/sgpsolucoes.com.br\/site\/?post_type=product&#038;p=2131"},"modified":"2026-03-02T05:20:47","modified_gmt":"2026-03-02T08:20:47","slug":"lei-n-14-133-2021-lei-de-licitacoes-e-contratos-administrativos","status":"publish","type":"product","link":"https:\/\/sgpsolucoes.com.br\/site\/produto\/lei-n-14-133-2021-lei-de-licitacoes-e-contratos-administrativos\/","title":{"rendered":"Lei n\u00b0 14.133\/2021 (Lei de Licita\u00e7\u00f5es e Contratos Administrativos)"},"content":{"rendered":"<p>Al\u00e9m da \u00edntegra da Lei n\u00b0 14.133\/2021, constam tamb\u00e9m deste exemplar, extremamente pr\u00e1tico e completo, todos os regulamentos federais referentes a dispositivos da nova Lei de Licita\u00e7\u00f5es, bem como legisla\u00e7\u00e3o correlata referente \u00e0 participa\u00e7\u00e3o de pequenas empresas nas contrata\u00e7\u00f5es p\u00fablicas, integrando as principais normatiza\u00e7\u00f5es esparsas relativas \u00e0s contrata\u00e7\u00f5es p\u00fablicas num \u00fanico instrumento, a fim de facilitar a consulta por todos aqueles que atuam com licita\u00e7\u00f5es e contratos.<\/p>\n\n    <div class=\"xs_social_share_widget xs_share_url after_content \t\tmain_content  wslu-style-1 wslu-share-box-shaped wslu-fill-colored wslu-none wslu-share-horizontal wslu-theme-font-no wslu-main_content\">\n\n\t\t\n        <ul>\n\t\t\t        <\/ul>\n    <\/div> \n","protected":false},"excerpt":{"rendered":"<p>Edi\u00e7\u00e3o organizada pelo professor Gilberto Oliveira Filho de forma muito bem estruturada, contendo a \u00edntegra da nova Lei de Licita\u00e7\u00f5es e Contratos Administrativos, de 1\u00ba de abril de 2021, bem como todas as atualiza\u00e7\u00f5es posteriores.<\/p>\n","protected":false},"featured_media":2550,"comment_status":"open","ping_status":"closed","template":"","meta":{"postBodyCss":"","postBodyMargin":[],"postBodyPadding":[],"postBodyBackground":{"backgroundType":"classic","gradient":""},"_price":"195.00","_stock":"10","_tribe_ticket_header":"","_tribe_default_ticket_provider":"","_tribe_ticket_capacity":"10","_ticket_start_date":"","_ticket_end_date":"","_tribe_ticket_show_description":"","_tribe_ticket_show_not_going":false,"_tribe_ticket_use_global_stock":"","_tribe_ticket_global_stock_level":"","_global_stock_mode":"","_global_stock_cap":"","_tribe_rsvp_for_event":"","_tribe_ticket_going_count":"","_tribe_ticket_not_going_count":"","_tribe_tickets_list":"[]","_tribe_ticket_has_attendee_info_fields":false},"product_brand":[],"product_cat":[28],"product_tag":[],"class_list":{"0":"post-2131","1":"product","2":"type-product","3":"status-publish","4":"has-post-thumbnail","6":"product_cat-livros","8":"first","9":"instock","10":"shipping-taxable","11":"purchasable","12":"product-type-simple"},"acf":[],"_links":{"self":[{"href":"https:\/\/sgpsolucoes.com.br\/site\/wp-json\/wp\/v2\/product\/2131"}],"collection":[{"href":"https:\/\/sgpsolucoes.com.br\/site\/wp-json\/wp\/v2\/product"}],"about":[{"href":"https:\/\/sgpsolucoes.com.br\/site\/wp-json\/wp\/v2\/types\/product"}],"replies":[{"embeddable":true,"href":"https:\/\/sgpsolucoes.com.br\/site\/wp-json\/wp\/v2\/comments?post=2131"}],"wp:featuredmedia":[{"embeddable":true,"href":"https:\/\/sgpsolucoes.com.br\/site\/wp-json\/wp\/v2\/media\/2550"}],"wp:attachment":[{"href":"https:\/\/sgpsolucoes.com.br\/site\/wp-json\/wp\/v2\/media?parent=2131"}],"wp:term":[{"taxonomy":"product_brand","embeddable":true,"href":"https:\/\/sgpsolucoes.com.br\/site\/wp-json\/wp\/v2\/product_brand?post=2131"},{"taxonomy":"product_cat","embeddable":true,"href":"https:\/\/sgpsolucoes.com.br\/site\/wp-json\/wp\/v2\/product_cat?post=2131"},{"taxonomy":"product_tag","embeddable":true,"href":"https:\/\/sgpsolucoes.com.br\/site\/wp-json\/wp\/v2\/product_tag?post=2131"}],"curies":[{"name":"wp","href":"https:\/\/api.w.org\/{rel}","templated":true}]}}