{"id":2133,"date":"2024-05-25T18:38:44","date_gmt":"2024-05-25T18:38:44","guid":{"rendered":"https:\/\/sgpsolucoes.com.br\/site\/?post_type=product&#038;p=2133"},"modified":"2026-04-22T10:16:11","modified_gmt":"2026-04-22T13:16:11","slug":"constituicao-da-republica-federativa-do-brasil","status":"publish","type":"product","link":"https:\/\/sgpsolucoes.com.br\/site\/produto\/constituicao-da-republica-federativa-do-brasil\/","title":{"rendered":"Constitui\u00e7\u00e3o da Rep\u00fablica Federativa do Brasil"},"content":{"rendered":"<p>Al\u00e9m disso, restar\u00e1 viabilizada aos leitores o acesso \u00e0 \u00edntegra de todas Emendas Constitucionais e Emendas de Revis\u00e3o, bem como a utiliza\u00e7\u00e3o de um eficiente e completo \u00cdndice Tem\u00e1tico, que certamente facilitar\u00e1 a localiza\u00e7\u00e3o dos dispositivos\u00a0pesquisados.<\/p>\n\n    <div class=\"xs_social_share_widget xs_share_url after_content \t\tmain_content  wslu-style-1 wslu-share-box-shaped wslu-fill-colored wslu-none wslu-share-horizontal wslu-theme-font-no wslu-main_content\">\n\n\t\t\n        <ul>\n\t\t\t        <\/ul>\n    <\/div> \n","protected":false},"excerpt":{"rendered":"<p>Edi\u00e7\u00e3o organizada pelo professor Gilberto Oliveira Filho de forma muito bem estruturada, contendo a \u00edntegra da Constitui\u00e7\u00e3o da Rep\u00fablica Federativa do Brasil, de 5 de outubro de 1988, bem como do Ato das Disposi\u00e7\u00f5es Constitucionais Transit\u00f3rias (ADCT), com todos os seus dispositivos devidamente atualizados e compilados com as respectivas informa\u00e7\u00f5es de origem.<\/p>\n","protected":false},"featured_media":2548,"comment_status":"open","ping_status":"closed","template":"","meta":{"postBodyCss":"","postBodyMargin":[],"postBodyPadding":[],"postBodyBackground":{"backgroundType":"classic","gradient":""},"_price":"175.00","_stock":"10","_tribe_ticket_header":"","_tribe_default_ticket_provider":"","_tribe_ticket_capacity":"10","_ticket_start_date":"","_ticket_end_date":"","_tribe_ticket_show_description":"","_tribe_ticket_show_not_going":false,"_tribe_ticket_use_global_stock":"","_tribe_ticket_global_stock_level":"","_global_stock_mode":"","_global_stock_cap":"","_tribe_rsvp_for_event":"","_tribe_ticket_going_count":"","_tribe_ticket_not_going_count":"","_tribe_tickets_list":"[]","_tribe_ticket_has_attendee_info_fields":false},"product_brand":[],"product_cat":[28],"product_tag":[],"class_list":{"0":"post-2133","1":"product","2":"type-product","3":"status-publish","4":"has-post-thumbnail","6":"product_cat-livros","8":"first","9":"instock","10":"shipping-taxable","11":"purchasable","12":"product-type-simple"},"acf":[],"_links":{"self":[{"href":"https:\/\/sgpsolucoes.com.br\/site\/wp-json\/wp\/v2\/product\/2133"}],"collection":[{"href":"https:\/\/sgpsolucoes.com.br\/site\/wp-json\/wp\/v2\/product"}],"about":[{"href":"https:\/\/sgpsolucoes.com.br\/site\/wp-json\/wp\/v2\/types\/product"}],"replies":[{"embeddable":true,"href":"https:\/\/sgpsolucoes.com.br\/site\/wp-json\/wp\/v2\/comments?post=2133"}],"wp:featuredmedia":[{"embeddable":true,"href":"https:\/\/sgpsolucoes.com.br\/site\/wp-json\/wp\/v2\/media\/2548"}],"wp:attachment":[{"href":"https:\/\/sgpsolucoes.com.br\/site\/wp-json\/wp\/v2\/media?parent=2133"}],"wp:term":[{"taxonomy":"product_brand","embeddable":true,"href":"https:\/\/sgpsolucoes.com.br\/site\/wp-json\/wp\/v2\/product_brand?post=2133"},{"taxonomy":"product_cat","embeddable":true,"href":"https:\/\/sgpsolucoes.com.br\/site\/wp-json\/wp\/v2\/product_cat?post=2133"},{"taxonomy":"product_tag","embeddable":true,"href":"https:\/\/sgpsolucoes.com.br\/site\/wp-json\/wp\/v2\/product_tag?post=2133"}],"curies":[{"name":"wp","href":"https:\/\/api.w.org\/{rel}","templated":true}]}}