{"id":3962,"date":"2024-07-04T17:42:48","date_gmt":"2024-07-04T17:42:48","guid":{"rendered":"https:\/\/sgpsolucoes.com.br\/site\/?post_type=product&#038;p=3962"},"modified":"2026-04-25T11:08:53","modified_gmt":"2026-04-25T14:08:53","slug":"27-04-curso-esocial-na-administracao-publica","status":"publish","type":"product","link":"https:\/\/sgpsolucoes.com.br\/site\/produto\/27-04-curso-esocial-na-administracao-publica\/","title":{"rendered":"27\/04 &#8211; Curso: eSocial na Administra\u00e7\u00e3o P\u00fablica"},"content":{"rendered":"<p><strong>SGP PRESENCIAL &#8211; S\u00c3O PAULO\/SP &#8211; DIA 27 de Abril de 2026<\/strong><br \/>\n<strong>Carga hor\u00e1ria:<\/strong> 8 horas<br \/>\n<strong>Hor\u00e1rio:<\/strong> das 08h30 \u00e0s 17h30<br \/>\n<strong>Intervalo para almo\u00e7o:<\/strong> das 12h30 \u00e0s 13h30<br \/>\n<strong>Coffee-Breaks:<\/strong> das 10h00 \u00e0s 16h00<\/p>\n<p><strong>Professor Confirmado no evento:<\/strong> Roberta Silva de Assis<\/p>\n<p><strong>Objetivo:<\/strong><\/p>\n<p>Demonstrar quais procedimentos ir\u00e3o mudar com a implanta\u00e7\u00e3o da 4\u00aa Fase do eSocial \u2013 Seguran\u00e7a e Medicina do Trabalho para os \u00f3rg\u00e3os p\u00fablicos, quais eventos existem, tabelas, como enviar estas informa\u00e7\u00f5es, qual estrutura ser\u00e1 necess\u00e1ria e como ser\u00e3o as pr\u00e1ticas para o RH, Medicina e Seguran\u00e7a do Trabalho.<\/p>\n<p><strong>P\u00fablico-alvo:<\/strong><\/p>\n<ul>\n<li><em>Agentes atuantes em Departamento Pessoal, Recursos Humanos e Seguran\u00e7a do Trabalho; <\/em><\/li>\n<li><em>Gerentes e colaboradores em geral de todos os departamentos que estar\u00e3o interligados ao envio de informa\u00e7\u00f5es ao RH, Medicina e Seguran\u00e7a do Trabalho; <\/em><\/li>\n<li><em>Todo e qualquer profissional que atue direta ou indiretamente com o tema.<\/em><\/li>\n<\/ul>\n\n    <div class=\"xs_social_share_widget xs_share_url after_content \t\tmain_content  wslu-style-1 wslu-share-box-shaped wslu-fill-colored wslu-none wslu-share-horizontal wslu-theme-font-no wslu-main_content\">\n\n\t\t\n        <ul>\n\t\t\t        <\/ul>\n    <\/div> \n","protected":false},"excerpt":{"rendered":"<p><strong>Conte\u00fado Program\u00e1tico Resumido<\/strong><\/p>\n<ul>\n<li>\n<ol>\n<li>O que \u00e9 eSocial?<\/li>\n<li>O que muda com o eSocial na 4\u00aa Fase (SST)?<\/li>\n<li>Como ser\u00e1 o envio das informa\u00e7\u00f5es e o que ser\u00e1 necess\u00e1rio?<\/li>\n<li>A influ\u00eancia das 1\u00aa, 2\u00aa e 3\u00aa Fases para a Seguran\u00e7a e Medicina do Trabalho<\/li>\n<li>Faseamento: 1\u00aa Fase<\/li>\n<\/ol>\n<ul>\n<li>S-1000 \u2013 Informa\u00e7\u00f5es do Empregador\/Contribuinte<\/li>\n<li>S-1005 \u2013 Tabela de Estabelecimentos e Obras de Constru\u00e7\u00e3o Civil<\/li>\n<li>\n<ul>\n<li>S-1020 \u2013 Tabela de Lota\u00e7\u00f5es Tribut\u00e1rias<\/li>\n<li>S-1070 \u2013 Tabela de Processos Administrativos\/Judiciais<\/li>\n<li>Mudan\u00e7as com a Simplifica\u00e7\u00e3o.<\/li>\n<\/ul>\n<p>&nbsp;<\/p>\n<ol>\n<li>Faseamento: 2\u00aa Fase<\/li>\n<\/ol>\n<ul>\n<li>S-2200 \u2013 Cadastramento Inicial do V\u00ednculo e Admiss\u00e3o\/Ingresso de Trabalhador<\/li>\n<li>S-2205 \u2013 Altera\u00e7\u00e3o de Dados Cadastrais do Trabalhador<\/li>\n<li>S-2206 \u2013 Altera\u00e7\u00e3o de Contrato de Trabalho<\/li>\n<li>S-2210 \u2013 Comunica\u00e7\u00e3o de Acidente de Trabalho<\/li>\n<li>S-2220 \u2013 Monitoramento da Sa\u00fade do Trabalhador<\/li>\n<li>S-2230 \u2013 Afastamento Tempor\u00e1rio<\/li>\n<li>S-2240 \u2013 Condi\u00e7\u00f5es Ambientais do Trabalho \u2013 Fatores de Risco<\/li>\n<li>S-2298 \u2013 Reintegra\u00e7\u00e3o<\/li>\n<li>S-2299 \u2013 Desligamento<\/li>\n<li>S-2300 \u2013 Trabalhador Sem V\u00ednculo de Emprego\/Estatut\u00e1rio \u2013 In\u00edcio<\/li>\n<li>S-2306 &#8211; Trabalhador Sem V\u00ednculo de Emprego\/Estatut\u00e1rio \u2013 Altera\u00e7\u00e3o Contratual<\/li>\n<li>S-2399 &#8211; Trabalhador Sem V\u00ednculo de Emprego\/Estatut\u00e1rio \u2013 T\u00e9rmino<\/li>\n<li>Mudan\u00e7as com a Simplifica\u00e7\u00e3o<\/li>\n<\/ul>\n<\/li>\n<\/ul>\n<\/li>\n<\/ul>\n<p>Quer o Conte\u00fado Program\u00e1tico Completo? <span style=\"color: #0000ff;\"><a style=\"color: #0000ff;\" href=\"https:\/\/sgpsolucoes.com.br\/site\/solicitacao-do-conteudo-programatico-completo\/\" target=\"_blank\" rel=\"noopener\">Clique aqui<\/a><\/span> para solicitar!<\/p>\n","protected":false},"featured_media":17850,"comment_status":"open","ping_status":"closed","template":"","meta":{"postBodyCss":"","postBodyMargin":[],"postBodyPadding":[],"postBodyBackground":{"backgroundType":"classic","gradient":""},"_price":"1780.00","_stock":"","_tribe_ticket_header":"","_tribe_default_ticket_provider":"","_tribe_ticket_capacity":"0","_ticket_start_date":"","_ticket_end_date":"","_tribe_ticket_show_description":"","_tribe_ticket_show_not_going":false,"_tribe_ticket_use_global_stock":"","_tribe_ticket_global_stock_level":"","_global_stock_mode":"","_global_stock_cap":"","_tribe_rsvp_for_event":"","_tribe_ticket_going_count":"","_tribe_ticket_not_going_count":"","_tribe_tickets_list":"[]","_tribe_ticket_has_attendee_info_fields":false},"product_brand":[],"product_cat":[36,62],"product_tag":[],"class_list":{"0":"post-3962","1":"product","2":"type-product","3":"status-publish","4":"has-post-thumbnail","6":"product_cat-treinamentos","7":"product_cat-abril-presencial","9":"first","10":"instock","11":"sale","12":"virtual","13":"purchasable","14":"product-type-simple"},"acf":[],"_links":{"self":[{"href":"https:\/\/sgpsolucoes.com.br\/site\/wp-json\/wp\/v2\/product\/3962"}],"collection":[{"href":"https:\/\/sgpsolucoes.com.br\/site\/wp-json\/wp\/v2\/product"}],"about":[{"href":"https:\/\/sgpsolucoes.com.br\/site\/wp-json\/wp\/v2\/types\/product"}],"replies":[{"embeddable":true,"href":"https:\/\/sgpsolucoes.com.br\/site\/wp-json\/wp\/v2\/comments?post=3962"}],"wp:featuredmedia":[{"embeddable":true,"href":"https:\/\/sgpsolucoes.com.br\/site\/wp-json\/wp\/v2\/media\/17850"}],"wp:attachment":[{"href":"https:\/\/sgpsolucoes.com.br\/site\/wp-json\/wp\/v2\/media?parent=3962"}],"wp:term":[{"taxonomy":"product_brand","embeddable":true,"href":"https:\/\/sgpsolucoes.com.br\/site\/wp-json\/wp\/v2\/product_brand?post=3962"},{"taxonomy":"product_cat","embeddable":true,"href":"https:\/\/sgpsolucoes.com.br\/site\/wp-json\/wp\/v2\/product_cat?post=3962"},{"taxonomy":"product_tag","embeddable":true,"href":"https:\/\/sgpsolucoes.com.br\/site\/wp-json\/wp\/v2\/product_tag?post=3962"}],"curies":[{"name":"wp","href":"https:\/\/api.w.org\/{rel}","templated":true}]}}