{"id":3966,"date":"2024-07-04T17:54:42","date_gmt":"2024-07-04T17:54:42","guid":{"rendered":"https:\/\/sgpsolucoes.com.br\/site\/?post_type=product&#038;p=3966"},"modified":"2024-08-08T15:46:32","modified_gmt":"2024-08-08T18:46:32","slug":"mba-on-line-em-licitacoes-e-contratacoes-da-administracao-publica","status":"publish","type":"product","link":"https:\/\/sgpsolucoes.com.br\/site\/produto\/mba-on-line-em-licitacoes-e-contratacoes-da-administracao-publica\/","title":{"rendered":"MBA On-Line em Licita\u00e7\u00f5es e Contrata\u00e7\u00f5es da Administra\u00e7\u00e3o P\u00fablica"},"content":{"rendered":"<p><strong>Objetivo Geral do Curso<\/strong><br \/>\nO Curso de MBA On-Line em Licita\u00e7\u00f5es e Contrata\u00e7\u00f5es da Administra\u00e7\u00e3o P\u00fablica tem o objetivo de propiciar uma vis\u00e3o moderna, atual, pr\u00e1tica e din\u00e2mica das Licita\u00e7\u00f5es e Contrata\u00e7\u00f5es P\u00fablicas em geral, sob todas as suas formas, oferecendo subs\u00eddios te\u00f3ricos e pr\u00e1ticos, incentivando a pesquisa cient\u00edfica e preparando os profissionais no fomento de pr\u00e1ticas inovadoras no \u00e2mbito jur\u00eddico e profissional.<\/p>\n<p><strong>Objetivo Espec\u00edficos do Curso<\/strong><br \/>\n\u2022 Capacitar profissionais para atua\u00e7\u00e3o nas demandas de Licita\u00e7\u00f5es P\u00fablicas e Contratos da Administra\u00e7\u00e3o P\u00fablica;<br \/>\n\u2022 Qualificar profissionais para a pr\u00e1tica dos processos de contrata\u00e7\u00e3o, desde a fase interna at\u00e9 a execu\u00e7\u00e3o contratual;<br \/>\n\u2022 Estimular a produ\u00e7\u00e3o acad\u00eamica e o debate cr\u00edtico sobre as quest\u00f5es interdisciplinares, envolvendo a \u00e1rea do Direito e suas interfaces;<br \/>\n\u2022 Desenvolver compet\u00eancias para a pesquisa e para a produ\u00e7\u00e3o de conhecimento em Licita\u00e7\u00f5es P\u00fablicas e Contratos da Administra\u00e7\u00e3o P\u00fablica.<\/p>\n<p><strong>Conhe\u00e7a os dias, hor\u00e1rios e local do curso<\/strong><br \/>\n\u2022 As aulas ser\u00e3o on-line e ministradas \u00e0s sextas-feiras, no per\u00edodo noturno (19h &#8211; 23h) e aos s\u00e1bados, no per\u00edodo matutino (8h30 &#8211; 12h30) e vespertino (13h30 &#8211; 17h30), conforme a carga hor\u00e1ria da disciplina.<br \/>\n\u2022 As aulas ser\u00e3o ofertadas preferencialmente duas vezes por semana.<br \/>\n\u2022 Carga Hor\u00e1ria: 360 horas<br \/>\n\u2022 Inscri\u00e7\u00f5es abertas no per\u00edodo programado<\/p>\n<p><strong>P\u00daBLICO-ALVO<\/strong><br \/>\nProfissionais do Direito e \u00e1reas afins, integrantes de \u00f3rg\u00e3os p\u00fablicos ou da iniciativa privada, que atuem ou pretendam atuar com Licita\u00e7\u00f5es e Contratos Administrativos.<\/p>\n\n    <div class=\"xs_social_share_widget xs_share_url after_content \t\tmain_content  wslu-style-1 wslu-share-box-shaped wslu-fill-colored wslu-none wslu-share-horizontal wslu-theme-font-no wslu-main_content\">\n\n\t\t\n        <ul>\n\t\t\t        <\/ul>\n    <\/div> \n","protected":false},"excerpt":{"rendered":"<p><strong>N\u00edvel: <\/strong>P\u00f3s-Gradua\u00e7\u00e3o MBA Lato Sensu<br \/>\n<strong>Modalidade:<\/strong> Especializa\u00e7\u00e3o para o mercado de trabalho<br \/>\n<strong>Carga hor\u00e1ria<\/strong>: 360 horas<br \/>\n<strong>Amparo legal:<\/strong> CNE\/CES Resolu\u00e7\u00e3o n\u00ba 1, de 6 de abril de 2018<br \/>\n<strong>Dura\u00e7\u00e3o:<\/strong> 10 meses<\/p>\n","protected":false},"featured_media":845,"comment_status":"open","ping_status":"closed","template":"","meta":{"postBodyCss":"","postBodyMargin":[],"postBodyPadding":[],"postBodyBackground":{"backgroundType":"classic","gradient":""},"_price":"10500","_stock":null,"_tribe_ticket_header":"","_tribe_default_ticket_provider":"","_tribe_ticket_capacity":"0","_ticket_start_date":"","_ticket_end_date":"","_tribe_ticket_show_description":"","_tribe_ticket_show_not_going":false,"_tribe_ticket_use_global_stock":"","_tribe_ticket_global_stock_level":"","_global_stock_mode":"","_global_stock_cap":"","_tribe_rsvp_for_event":"","_tribe_ticket_going_count":"","_tribe_ticket_not_going_count":"","_tribe_tickets_list":"[]","_tribe_ticket_has_attendee_info_fields":false},"product_brand":[],"product_cat":[31],"product_tag":[],"class_list":{"0":"post-3966","1":"product","2":"type-product","3":"status-publish","4":"has-post-thumbnail","6":"product_cat-mba","8":"first","9":"instock","10":"virtual","11":"purchasable","12":"product-type-simple"},"acf":[],"_links":{"self":[{"href":"https:\/\/sgpsolucoes.com.br\/site\/wp-json\/wp\/v2\/product\/3966"}],"collection":[{"href":"https:\/\/sgpsolucoes.com.br\/site\/wp-json\/wp\/v2\/product"}],"about":[{"href":"https:\/\/sgpsolucoes.com.br\/site\/wp-json\/wp\/v2\/types\/product"}],"replies":[{"embeddable":true,"href":"https:\/\/sgpsolucoes.com.br\/site\/wp-json\/wp\/v2\/comments?post=3966"}],"wp:featuredmedia":[{"embeddable":true,"href":"https:\/\/sgpsolucoes.com.br\/site\/wp-json\/wp\/v2\/media\/845"}],"wp:attachment":[{"href":"https:\/\/sgpsolucoes.com.br\/site\/wp-json\/wp\/v2\/media?parent=3966"}],"wp:term":[{"taxonomy":"product_brand","embeddable":true,"href":"https:\/\/sgpsolucoes.com.br\/site\/wp-json\/wp\/v2\/product_brand?post=3966"},{"taxonomy":"product_cat","embeddable":true,"href":"https:\/\/sgpsolucoes.com.br\/site\/wp-json\/wp\/v2\/product_cat?post=3966"},{"taxonomy":"product_tag","embeddable":true,"href":"https:\/\/sgpsolucoes.com.br\/site\/wp-json\/wp\/v2\/product_tag?post=3966"}],"curies":[{"name":"wp","href":"https:\/\/api.w.org\/{rel}","templated":true}]}}