{"id":4359,"date":"2024-08-06T09:29:51","date_gmt":"2024-08-06T12:29:51","guid":{"rendered":"https:\/\/sgpsolucoes.com.br\/site\/?post_type=product&#038;p=4359"},"modified":"2025-11-22T11:14:44","modified_gmt":"2025-11-22T14:14:44","slug":"slc-solucao-em-licitacoes-e-contratos-2","status":"publish","type":"product","link":"https:\/\/sgpsolucoes.com.br\/site\/produto\/slc-solucao-em-licitacoes-e-contratos-2\/","title":{"rendered":"SLC \u2013 Solu\u00e7\u00e3o em Licita\u00e7\u00f5es e Contratos"},"content":{"rendered":"<p><strong>O SLC \u2013 Solu\u00e7\u00e3o em Licita\u00e7\u00f5es e Contratos \u00e9 composto por se\u00e7\u00f5es editoriais exclusivas:<\/strong><br \/>\n<strong>\u2713 Se\u00e7\u00e3o Entrevista com o(a) Mestre:<\/strong> Entrevista exclusiva com renomados e renomadas juristas e especialistas da atualidade, trazendo sempre novas perspectivas sobre os mais importantes temas relacionados \u00e0s contrata\u00e7\u00f5es p\u00fablicas;<br \/>\n<strong>\u2713 Se\u00e7\u00e3o Solu\u00e7\u00f5es Pr\u00e1ticas:<\/strong> Quest\u00f5es pr\u00e1ticas sobre contrata\u00e7\u00f5es diretas, licita\u00e7\u00f5es p\u00fablicas e contratos administrativos devidamente fundamentadas em doutrina e jurisprud\u00eancia atuais, que refletem o atual entendimento do corpo t\u00e9cnico-jur\u00eddico da Orienta\u00e7\u00e3o SGP;<br \/>\n<strong>\u2713 Se\u00e7\u00e3o Solu\u00e7\u00f5es Autorais:<\/strong> Artigos t\u00e9cnico-cient\u00edficos de ilustres especialistas que integram o nosso rol de conselheiros e colaboradores, sobre temas atuais e pertinentes \u00e0s contrata\u00e7\u00f5es p\u00fablicas;<br \/>\n<strong>\u2713 Se\u00e7\u00e3o Solu\u00e7\u00f5es Jurisprudenciais:<\/strong> Julgados atuais das Cortes de Contas e Tribunais Superiores, criteriosamente selecionados de acordo com sua atualidade, pertin\u00eancia e relev\u00e2ncia em face das contrata\u00e7\u00f5es diretas, licita\u00e7\u00f5es p\u00fablicas e contratos administrativos.<br \/>\n<strong>\u2713 Se\u00e7\u00e3o Saindo das Licita\u00e7\u00f5es e Contratos:<\/strong> Artigos t\u00e9cnico-cient\u00edficos de ilustres especialistas que integram o nosso rol de conselheiros e colaboradores, sobre os mais variados e relevantes temas da atualidade do Direito P\u00fablico, indo muito al\u00e9m das licita\u00e7\u00f5es e contratos.<\/p>\n\n    <div class=\"xs_social_share_widget xs_share_url after_content \t\tmain_content  wslu-style-1 wslu-share-box-shaped wslu-fill-colored wslu-none wslu-share-horizontal wslu-theme-font-no wslu-main_content\">\n\n\t\t\n        <ul>\n\t\t\t        <\/ul>\n    <\/div> \n","protected":false},"excerpt":{"rendered":"<p>Cont\u00e9m artigos e entrevistas com renomados autores do Direito, solu\u00e7\u00f5es pr\u00e1ticas seguras e fundamentadas na melhor doutrina e jurisprud\u00eancia, bem como os mais recentes julgados das Cortes deContas e Tribunais Superiores. Apresenta mensalmente o que h\u00e1 de mais atual sobre licita\u00e7\u00f5es e contratos, mas n\u00e3o fica por a\u00ed, pois tamb\u00e9m possui excelentes artigos com diversos temas do Direito P\u00fablico, indispens\u00e1veis para todos os agentes p\u00fablicos e profissionais da \u00e1rea, o que amplia e muito sua abrang\u00eancia e efic\u00e1cia.<br \/>\n<strong>SLC &#8211; Solu\u00e7\u00e3o em Licita\u00e7\u00f5es e Contratos\u00a0<\/strong><\/p>\n","protected":false},"featured_media":4115,"comment_status":"open","ping_status":"closed","template":"","meta":{"postBodyCss":"","postBodyMargin":[],"postBodyPadding":[],"postBodyBackground":{"backgroundType":"classic","gradient":""},"_price":"250.00","_stock":"8","_tribe_ticket_header":"","_tribe_default_ticket_provider":"","_tribe_ticket_capacity":"9","_ticket_start_date":"","_ticket_end_date":"","_tribe_ticket_show_description":"","_tribe_ticket_show_not_going":false,"_tribe_ticket_use_global_stock":"","_tribe_ticket_global_stock_level":"","_global_stock_mode":"","_global_stock_cap":"","_tribe_rsvp_for_event":"","_tribe_ticket_going_count":"","_tribe_ticket_not_going_count":"","_tribe_tickets_list":"[]","_tribe_ticket_has_attendee_info_fields":false},"product_brand":[],"product_cat":[28],"product_tag":[],"class_list":{"0":"post-4359","1":"product","2":"type-product","3":"status-publish","4":"has-post-thumbnail","6":"product_cat-livros","8":"first","9":"instock","10":"shipping-taxable","11":"purchasable","12":"product-type-simple"},"acf":[],"_links":{"self":[{"href":"https:\/\/sgpsolucoes.com.br\/site\/wp-json\/wp\/v2\/product\/4359"}],"collection":[{"href":"https:\/\/sgpsolucoes.com.br\/site\/wp-json\/wp\/v2\/product"}],"about":[{"href":"https:\/\/sgpsolucoes.com.br\/site\/wp-json\/wp\/v2\/types\/product"}],"replies":[{"embeddable":true,"href":"https:\/\/sgpsolucoes.com.br\/site\/wp-json\/wp\/v2\/comments?post=4359"}],"wp:featuredmedia":[{"embeddable":true,"href":"https:\/\/sgpsolucoes.com.br\/site\/wp-json\/wp\/v2\/media\/4115"}],"wp:attachment":[{"href":"https:\/\/sgpsolucoes.com.br\/site\/wp-json\/wp\/v2\/media?parent=4359"}],"wp:term":[{"taxonomy":"product_brand","embeddable":true,"href":"https:\/\/sgpsolucoes.com.br\/site\/wp-json\/wp\/v2\/product_brand?post=4359"},{"taxonomy":"product_cat","embeddable":true,"href":"https:\/\/sgpsolucoes.com.br\/site\/wp-json\/wp\/v2\/product_cat?post=4359"},{"taxonomy":"product_tag","embeddable":true,"href":"https:\/\/sgpsolucoes.com.br\/site\/wp-json\/wp\/v2\/product_tag?post=4359"}],"curies":[{"name":"wp","href":"https:\/\/api.w.org\/{rel}","templated":true}]}}