{"id":4430,"date":"2024-08-30T10:58:38","date_gmt":"2024-08-30T13:58:38","guid":{"rendered":"https:\/\/sgpsolucoes.com.br\/site\/?post_type=product&#038;p=4430"},"modified":"2026-03-19T11:15:59","modified_gmt":"2026-03-19T14:15:59","slug":"29-e-30-06-treinamento-sistema-de-registro-de-precos-srp-na-nova-lei-de-licitacoes-lei-n-14-133-2021","status":"publish","type":"product","link":"https:\/\/sgpsolucoes.com.br\/site\/produto\/29-e-30-06-treinamento-sistema-de-registro-de-precos-srp-na-nova-lei-de-licitacoes-lei-n-14-133-2021\/","title":{"rendered":"29 e 30\/06 &#8211; Treinamento: Sistema de Registro de Pre\u00e7os (SRP) na Nova Lei de Licita\u00e7\u00f5es  (Lei n\u00b0 14.133\/2021)"},"content":{"rendered":"<p><strong>On-Line: <\/strong>Dias 29 e 30 de Junho\u00a0de 2026<br \/>\n<strong>Carga hor\u00e1ria:<\/strong> 8 horas<\/p>\n<p><strong>Hor\u00e1rio do curso:<\/strong> 13h \u00e0s 17h<\/p>\n<p><strong>Professor confirmado no evento:<\/strong> Gilberto Oliveira<\/p>\n<p><strong>Objetivo:<\/strong>\u00a0por meio de abordagem te\u00f3rica e pr\u00e1tica, em aula expositiva mesclada com<br \/>\na an\u00e1lise e a discuss\u00e3o de quest\u00f5es pr\u00e1ticas, extra\u00eddas de casos concretos vivenciados<br \/>\npelo Poder P\u00fablico, este treinamento busca apresentar aos agentes p\u00fablicos os<br \/>\nelementos necess\u00e1rios \u00e0 compreens\u00e3o e \u00e0 utiliza\u00e7\u00e3o do Sistema de Registro de Pre\u00e7os,<br \/>\nem face da Lei n\u00b0 14.133\/2021, tratando desde o seu planejamento at\u00e9 a efetiva<br \/>\nutiliza\u00e7\u00e3o da Ata de Registro de Pre\u00e7os pelos \u00f3rg\u00e3os participantes e, inclusive, pelos<br \/>\n\u201ccaronas \u201d<\/p>\n<p>P\u00fablico-alvo:<br \/>\n\u2756 respons\u00e1veis pela fase interna da licita\u00e7\u00e3o e\/ou pela elabora\u00e7\u00e3o de instrumentos<br \/>\nconvocat\u00f3rios;<br \/>\n\u2756 integrantes de setores de licita\u00e7\u00e3o;<br \/>\n\u2756 membros de comiss\u00f5es de contrata\u00e7\u00e3o, agentes de contrata\u00e7\u00e3o, pregoeiros e<br \/>\nintegrantes de equipes de apoio;<br \/>\n\u2756 assessores jur\u00eddicos, procuradores e advogados;<br \/>\n\u2756 todo agente p\u00fablico envolvido, direta ou indiretamente, em processos de<br \/>\ncontrata\u00e7\u00e3o pelo sistema de registro de pre\u00e7os;<br \/>\n\u2756 todo e qualquer profissional que atue, direta ou indiretamente, com o tema.<\/p>\n\n    <div class=\"xs_social_share_widget xs_share_url after_content \t\tmain_content  wslu-style-1 wslu-share-box-shaped wslu-fill-colored wslu-none wslu-share-horizontal wslu-theme-font-no wslu-main_content\">\n\n\t\t\n        <ul>\n\t\t\t        <\/ul>\n    <\/div> \n","protected":false},"excerpt":{"rendered":"<p><strong>Conte\u00fado Program\u00e1tico Resumido<\/strong><br \/>\n\u2756 Defini\u00e7\u00e3o, pressupostos e vantagens do SRP<br \/>\n\u2756 Caracter\u00edsticas e normas regedoras do SRP<br \/>\n\u2756 Quando deve ser dada prefer\u00eancia ao SRP?<br \/>\n\u2756 Implanta\u00e7\u00e3o do SRP nos Estados e Munic\u00edpios<br \/>\n\u2756 \u00c9 poss\u00edvel a utiliza\u00e7\u00e3o do SRP para obras, servi\u00e7os de engenharia e servi\u00e7os em<br \/>\ngeral?<\/p>\n<p>Quer o Conte\u00fado Program\u00e1tico Completo? <span style=\"color: #0000ff;\"><a style=\"color: #0000ff;\" href=\"https:\/\/sgpsolucoes.com.br\/site\/solicitacao-do-conteudo-programatico-completo\/\" target=\"_blank\" rel=\"noopener\">Clique aqui<\/a><\/span> para solicitar!<\/p>\n","protected":false},"featured_media":17815,"comment_status":"open","ping_status":"closed","template":"","meta":{"postBodyCss":"","postBodyMargin":[],"postBodyPadding":[],"postBodyBackground":{"backgroundType":"classic","gradient":""},"_price":"1480.00","_stock":"","_tribe_ticket_header":"","_tribe_default_ticket_provider":"","_tribe_ticket_capacity":"0","_ticket_start_date":"","_ticket_end_date":"","_tribe_ticket_show_description":"","_tribe_ticket_show_not_going":false,"_tribe_ticket_use_global_stock":"","_tribe_ticket_global_stock_level":"","_global_stock_mode":"","_global_stock_cap":"","_tribe_rsvp_for_event":"","_tribe_ticket_going_count":"","_tribe_ticket_not_going_count":"","_tribe_tickets_list":"[]","_tribe_ticket_has_attendee_info_fields":false},"product_brand":[],"product_cat":[36,1325],"product_tag":[],"class_list":{"0":"post-4430","1":"product","2":"type-product","3":"status-publish","4":"has-post-thumbnail","6":"product_cat-treinamentos","7":"product_cat-junho-online","9":"first","10":"instock","11":"sale","12":"virtual","13":"purchasable","14":"product-type-simple"},"acf":[],"_links":{"self":[{"href":"https:\/\/sgpsolucoes.com.br\/site\/wp-json\/wp\/v2\/product\/4430"}],"collection":[{"href":"https:\/\/sgpsolucoes.com.br\/site\/wp-json\/wp\/v2\/product"}],"about":[{"href":"https:\/\/sgpsolucoes.com.br\/site\/wp-json\/wp\/v2\/types\/product"}],"replies":[{"embeddable":true,"href":"https:\/\/sgpsolucoes.com.br\/site\/wp-json\/wp\/v2\/comments?post=4430"}],"wp:featuredmedia":[{"embeddable":true,"href":"https:\/\/sgpsolucoes.com.br\/site\/wp-json\/wp\/v2\/media\/17815"}],"wp:attachment":[{"href":"https:\/\/sgpsolucoes.com.br\/site\/wp-json\/wp\/v2\/media?parent=4430"}],"wp:term":[{"taxonomy":"product_brand","embeddable":true,"href":"https:\/\/sgpsolucoes.com.br\/site\/wp-json\/wp\/v2\/product_brand?post=4430"},{"taxonomy":"product_cat","embeddable":true,"href":"https:\/\/sgpsolucoes.com.br\/site\/wp-json\/wp\/v2\/product_cat?post=4430"},{"taxonomy":"product_tag","embeddable":true,"href":"https:\/\/sgpsolucoes.com.br\/site\/wp-json\/wp\/v2\/product_tag?post=4430"}],"curies":[{"name":"wp","href":"https:\/\/api.w.org\/{rel}","templated":true}]}}