{"id":4519,"date":"2024-09-03T08:50:47","date_gmt":"2024-09-03T11:50:47","guid":{"rendered":"https:\/\/sgpsolucoes.com.br\/site\/?post_type=product&#038;p=4519"},"modified":"2025-12-16T09:36:08","modified_gmt":"2025-12-16T12:36:08","slug":"23-e-24-02-curso-contabilidade-contabilidade-publica-e-organizacao-contabil","status":"publish","type":"product","link":"https:\/\/sgpsolucoes.com.br\/site\/produto\/23-e-24-02-curso-contabilidade-contabilidade-publica-e-organizacao-contabil\/","title":{"rendered":"23 e 24\/02 &#8211; Curso: Contabilidade, Contabilidade P\u00fablica e Organiza\u00e7\u00e3o Cont\u00e1bil"},"content":{"rendered":"<p><strong>On-line &#8211; Dias 23 e 24 de Fevereiro de 2026<\/strong><br \/>\n<strong>Carga hor\u00e1ria:<\/strong> 8 horas ( Divididos em 2 dias de 4h )<br \/>\n<strong>Hor\u00e1rio:<\/strong> das 08h30 \u00e0s 12h30<\/p>\n<p><strong>Professor Confirmado no evento:<\/strong> Luciano Aparecido de Lima<\/p>\n<p><strong>Objetivo:<\/strong><br \/>\nEstudar a Contabilidade, a Organiza\u00e7\u00e3o Cont\u00e1bil e Or\u00e7amento P\u00fablico como ferramentas da Gest\u00e3o de Pol\u00edticas P\u00fablicas, demonstrando a Contabilidade e Administra\u00e7\u00e3o Financeira como instrumentos que permitir\u00e3o a compreens\u00e3o e a an\u00e1lise do processo cont\u00e1bil de entidades p\u00fablicas, tendo em vista capacitar os respons\u00e1veis pela elabora\u00e7\u00e3o e divulga\u00e7\u00e3o das informa\u00e7\u00f5es cont\u00e1beis, por meio da an\u00e1lise do Plano de Contas, Elabora\u00e7\u00e3o do Or\u00e7amento e Execu\u00e7\u00e3o Or\u00e7ament\u00e1ria.<\/p>\n<p><strong>P\u00fablico-alvo:<\/strong><br \/>\n\u2022 servidores p\u00fablicos respons\u00e1veis pela Contabilidade P\u00fablica e Execu\u00e7\u00e3o Or\u00e7ament\u00e1ria;<br \/>\n\u2022 servidores p\u00fablicos que atuam na presta\u00e7\u00e3o de contas ao Sistema AUDESP;<br \/>\n\u2022 todo e qualquer profissional que atue ou pretenda atuar, direta ou indiretamente, com o tema.<\/p>\n\n    <div class=\"xs_social_share_widget xs_share_url after_content \t\tmain_content  wslu-style-1 wslu-share-box-shaped wslu-fill-colored wslu-none wslu-share-horizontal wslu-theme-font-no wslu-main_content\">\n\n\t\t\n        <ul>\n\t\t\t        <\/ul>\n    <\/div> \n","protected":false},"excerpt":{"rendered":"<p><strong>Conte\u00fado Program\u00e1tico Resumido<\/strong><br \/>\n\u2022 Introdu\u00e7\u00e3o \u00e0 Contabilidade P\u00fablica e Organiza\u00e7\u00e3o Cont\u00e1bil<br \/>\n\u2022 Estudo da Contabilidade Aplicada ao Setor P\u00fablico (PCASP) e Execu\u00e7\u00e3o Or\u00e7ament\u00e1ria<br \/>\n\u2022 Demonstra\u00e7\u00f5es financeiras b\u00e1sicas<br \/>\n\u2022 Pr\u00e1tica de elabora\u00e7\u00e3o de or\u00e7amento p\u00fablico<br \/>\n\u2022 O processo or\u00e7ament\u00e1rio como instrumento de planejamento: rela\u00e7\u00e3o entre Plano Plurianual (PPA), Lei de Diretrizes Or\u00e7ament\u00e1rias (LDO) e Lei Or\u00e7ament\u00e1ria Anual (LOA)<\/p>\n<p>Quer o Conte\u00fado Program\u00e1tico Completo? <span style=\"color: #0000ff;\"><a style=\"color: #0000ff;\" href=\"https:\/\/sgpsolucoes.com.br\/site\/solicitacao-do-conteudo-programatico-completo\/\" target=\"_blank\" rel=\"noopener\">Clique aqui<\/a><\/span> para solicitar!<\/p>\n","protected":false},"featured_media":0,"comment_status":"open","ping_status":"closed","template":"","meta":{"postBodyCss":"","postBodyMargin":[],"postBodyPadding":[],"postBodyBackground":{"backgroundType":"classic","gradient":""},"_price":"1220.00","_stock":"","_tribe_ticket_header":"","_tribe_default_ticket_provider":"","_tribe_ticket_capacity":"0","_ticket_start_date":"","_ticket_end_date":"","_tribe_ticket_show_description":"","_tribe_ticket_show_not_going":false,"_tribe_ticket_use_global_stock":"","_tribe_ticket_global_stock_level":"","_global_stock_mode":"","_global_stock_cap":"","_tribe_rsvp_for_event":"","_tribe_ticket_going_count":"","_tribe_ticket_not_going_count":"","_tribe_tickets_list":"[]","_tribe_ticket_has_attendee_info_fields":false},"product_brand":[],"product_cat":[36,1313],"product_tag":[],"class_list":{"0":"post-4519","1":"product","2":"type-product","3":"status-publish","5":"product_cat-treinamentos","6":"product_cat-fevereiro-online","8":"first","9":"instock","10":"sale","11":"virtual","12":"purchasable","13":"product-type-simple"},"acf":[],"_links":{"self":[{"href":"https:\/\/sgpsolucoes.com.br\/site\/wp-json\/wp\/v2\/product\/4519"}],"collection":[{"href":"https:\/\/sgpsolucoes.com.br\/site\/wp-json\/wp\/v2\/product"}],"about":[{"href":"https:\/\/sgpsolucoes.com.br\/site\/wp-json\/wp\/v2\/types\/product"}],"replies":[{"embeddable":true,"href":"https:\/\/sgpsolucoes.com.br\/site\/wp-json\/wp\/v2\/comments?post=4519"}],"wp:attachment":[{"href":"https:\/\/sgpsolucoes.com.br\/site\/wp-json\/wp\/v2\/media?parent=4519"}],"wp:term":[{"taxonomy":"product_brand","embeddable":true,"href":"https:\/\/sgpsolucoes.com.br\/site\/wp-json\/wp\/v2\/product_brand?post=4519"},{"taxonomy":"product_cat","embeddable":true,"href":"https:\/\/sgpsolucoes.com.br\/site\/wp-json\/wp\/v2\/product_cat?post=4519"},{"taxonomy":"product_tag","embeddable":true,"href":"https:\/\/sgpsolucoes.com.br\/site\/wp-json\/wp\/v2\/product_tag?post=4519"}],"curies":[{"name":"wp","href":"https:\/\/api.w.org\/{rel}","templated":true}]}}