{"id":4592,"date":"2024-09-30T10:10:05","date_gmt":"2024-09-30T13:10:05","guid":{"rendered":"https:\/\/sgpsolucoes.com.br\/site\/?post_type=product&#038;p=4592"},"modified":"2026-03-19T11:09:57","modified_gmt":"2026-03-19T14:09:57","slug":"24-25-e-26-06-treinamento-passo-a-passo-da-lei-14-133-2021-da-fase-interna-a-fase-executoria-24h","status":"publish","type":"product","link":"https:\/\/sgpsolucoes.com.br\/site\/produto\/24-25-e-26-06-treinamento-passo-a-passo-da-lei-14-133-2021-da-fase-interna-a-fase-executoria-24h\/","title":{"rendered":"24, 25 e 26 de Junho &#8211; Treinamento: Passo \u00e0 Passo da Lei n\u00b0 14.133\/2021- Da Fase Interna \u00e0 Fase Execut\u00f3ria &#8211; 24h"},"content":{"rendered":"<p><strong>\u00a0Sede da SGP &#8211; SP &#8211; Dias 24, 25 e 26 de Junho de 2026<\/strong><br \/>\n<strong>Carga hor\u00e1ria:<\/strong> 24 horas<br \/>\n<strong>Hor\u00e1rio do Curso Presencial:<\/strong> das 8h30 \u00e0s 17h30<br \/>\n<strong>Intervalo para o Almo\u00e7o:<\/strong> das 12h30 \u00e0s 13h30<br \/>\n<strong>Coffee-Breaks<\/strong>: \u00e0s 10h e \u00e0s 16h<\/p>\n<p><strong>Professor confirmado no evento:<\/strong> Gilberto Oliveira<\/p>\n<p><strong>Objetivo:<\/strong><br \/>\nCom uma linguagem pr\u00e1tica, simples e direta, sempre apresentando modelos e o passo a passo de cada etapa das contrata\u00e7\u00f5es p\u00fablicas, este Treinamento orientar\u00e1 os participantes na adequada instru\u00e7\u00e3o da fase preparat\u00f3ria das licita\u00e7\u00f5es e processos de contrata\u00e7\u00e3o direta, em face da nova Lei de Licita\u00e7\u00f5es, na condu\u00e7\u00e3o da fase externa e nas necess\u00e1rias cautelas a serem tomadas na fase execut\u00f3ria, de forma a evitar in\u00fameros problemas que frequentemente ocorrem durante as respectivas fases e, com isso, propiciar maior efici\u00eancia nas contrata\u00e7\u00f5es p\u00fablicas<\/p>\n<p><strong>P\u00fablico-alvo:<\/strong><br \/>\n\u2022 agentes de contrata\u00e7\u00e3o, pregoeiros e integrantes de equipes de apoio;<br \/>\n\u2022 membros de comiss\u00f5es de contrata\u00e7\u00e3o e comiss\u00f5es de licita\u00e7\u00e3o;<br \/>\n\u2022 integrantes de setores de licita\u00e7\u00f5es e contratos;<br \/>\n\u2022 integrantes de setores de compras e contrata\u00e7\u00f5es;<br \/>\n\u2022 agentes respons\u00e1veis pela an\u00e1lise de recursos, impugna\u00e7\u00f5es e esclarecimentos;<br \/>\n\u2022 respons\u00e1veis pela fase preparat\u00f3ria da licita\u00e7\u00e3o e\/ou pela elabora\u00e7\u00e3o de editais;<br \/>\n\u2022 gestores e fiscais de contratos;<br \/>\n\u2022 assessores jur\u00eddicos, procuradores e advogados;<br \/>\n\u2022 todo agente p\u00fablico envolvido, direta ou indiretamente, em processos de contrata\u00e7\u00e3o pela Administra\u00e7\u00e3o P\u00fablica em geral;<br \/>\n\u2022 todo e qualquer profissional que atue ou pretenda atuar, direta ou indiretamente, com o tema.<\/p>\n\n    <div class=\"xs_social_share_widget xs_share_url after_content \t\tmain_content  wslu-style-1 wslu-share-box-shaped wslu-fill-colored wslu-none wslu-share-horizontal wslu-theme-font-no wslu-main_content\">\n\n\t\t\n        <ul>\n\t\t\t        <\/ul>\n    <\/div> \n","protected":false},"excerpt":{"rendered":"<p><strong>Conte\u00fado Program\u00e1tico Resumido<\/strong><\/p>\n<p><strong><u>Parte I \u2013 <\/u><\/strong><strong><u>Fase Interna ou Preparat\u00f3ria dos Processos Licitat\u00f3rios e de Contrata\u00e7\u00e3o Direta<\/u><\/strong><\/p>\n<ul>\n<li>Fluxograma da fase preparat\u00f3ria e compet\u00eancias<\/li>\n<li>PCA \u2013 Plano de Contrata\u00e7\u00f5es Anual<\/li>\n<li>Apresenta\u00e7\u00e3o de modelo de PCA<\/li>\n<li>DFD \u2013 Documento de Formaliza\u00e7\u00e3o de Demanda<\/li>\n<li>Apresenta\u00e7\u00e3o de modelo de DFD<\/li>\n<li>Elabora\u00e7\u00e3o do Estudo T\u00e9cnico Preliminar \u2013 ETP<\/li>\n<li>Diferen\u00e7a entre estimativa do valor no ETP e na pesquisa de pre\u00e7os<\/li>\n<li>Apresenta\u00e7\u00e3o de modelo de ETP e elabora\u00e7\u00e3o passo a passo<\/li>\n<li>Como e quando elaborar um adequado Mapa de Riscos<\/li>\n<\/ul>\n<p><strong><u>Parte II \u2013 Elabora\u00e7\u00e3o e divulga\u00e7\u00e3o do edital | A <\/u><\/strong><strong><u>Fase Externa das Licita\u00e7\u00f5es<\/u><\/strong><\/p>\n<ul>\n<li>Cautelas na elabora\u00e7\u00e3o de um edital na pr\u00e1tica, com todas as cl\u00e1usulas necess\u00e1rias <em>(passo a passo)<\/em><\/li>\n<li>Apresenta\u00e7\u00e3o de modelos de editais<\/li>\n<li><em>Check-list<\/em> de edital na nova Lei de Licita\u00e7\u00f5es<\/li>\n<li>Divulga\u00e7\u00e3o adequada do aviso de licita\u00e7\u00e3o<\/li>\n<li>Novas modalidades licitat\u00f3rias<\/li>\n<li>Procedimento adequado das modalidades tradicionais que permaneceram na nova Lei de Licita\u00e7\u00f5es<\/li>\n<li>Preg\u00e3o e concorr\u00eancia presencial e eletr\u00f4nica: necessidade ou n\u00e3o de regulamenta\u00e7\u00e3o?<\/li>\n<li>Novos crit\u00e9rios de julgamento<\/li>\n<\/ul>\n<ul>\n<li><strong><u>Parte III \u2013 Contratos Administrativos e a Fase Execut\u00f3ria<\/u><\/strong><\/li>\n<li>Cautelas na elabora\u00e7\u00e3o de um contrato administrativo na pr\u00e1tica, com todas as cl\u00e1usulas necess\u00e1rias <em>(passo a passo)<\/em><\/li>\n<li>Distin\u00e7\u00e3o entre contratos administrativos e contratos da Administra\u00e7\u00e3o?<\/li>\n<li>Contrato verbal<\/li>\n<li>Dura\u00e7\u00e3o dos contratos<\/li>\n<li>Contrato por prazo e por escopo<\/li>\n<li>Hip\u00f3teses de prorroga\u00e7\u00e3o e requisitos<\/li>\n<li>Altera\u00e7\u00e3o contratual quantitativa x altera\u00e7\u00e3o contratual qualitativa<\/li>\n<li>Garantias nas contrata\u00e7\u00f5es<\/li>\n<li>Termo de contrato e instrumentos equivalentes<\/li>\n<li>Reajuste, repactua\u00e7\u00e3o e revis\u00e3o. Distin\u00e7\u00e3o<\/li>\n<li>Subcontrata\u00e7\u00e3o: cautelas e limites<\/li>\n<\/ul>\n<p>Quer o Conte\u00fado Program\u00e1tico Completo? <span style=\"color: #0000ff;\"><a style=\"color: #0000ff;\" href=\"https:\/\/sgpsolucoes.com.br\/site\/solicitacao-do-conteudo-programatico-completo\/\" target=\"_blank\" rel=\"noopener\">Clique aqui<\/a><\/span> para solicitar!<\/p>\n","protected":false},"featured_media":17809,"comment_status":"open","ping_status":"closed","template":"","meta":{"postBodyCss":"","postBodyMargin":[],"postBodyPadding":[],"postBodyBackground":{"backgroundType":"classic","gradient":""},"_price":"3360","_stock":"","_tribe_ticket_header":"","_tribe_default_ticket_provider":"","_tribe_ticket_capacity":"0","_ticket_start_date":"","_ticket_end_date":"","_tribe_ticket_show_description":"","_tribe_ticket_show_not_going":false,"_tribe_ticket_use_global_stock":"","_tribe_ticket_global_stock_level":"","_global_stock_mode":"","_global_stock_cap":"","_tribe_rsvp_for_event":"","_tribe_ticket_going_count":"","_tribe_ticket_not_going_count":"","_tribe_tickets_list":"[]","_tribe_ticket_has_attendee_info_fields":false},"product_brand":[],"product_cat":[36,60],"product_tag":[],"class_list":{"0":"post-4592","1":"product","2":"type-product","3":"status-publish","4":"has-post-thumbnail","6":"product_cat-treinamentos","7":"product_cat-junho-presencial","9":"first","10":"instock","11":"virtual","12":"purchasable","13":"product-type-simple"},"acf":[],"_links":{"self":[{"href":"https:\/\/sgpsolucoes.com.br\/site\/wp-json\/wp\/v2\/product\/4592"}],"collection":[{"href":"https:\/\/sgpsolucoes.com.br\/site\/wp-json\/wp\/v2\/product"}],"about":[{"href":"https:\/\/sgpsolucoes.com.br\/site\/wp-json\/wp\/v2\/types\/product"}],"replies":[{"embeddable":true,"href":"https:\/\/sgpsolucoes.com.br\/site\/wp-json\/wp\/v2\/comments?post=4592"}],"wp:featuredmedia":[{"embeddable":true,"href":"https:\/\/sgpsolucoes.com.br\/site\/wp-json\/wp\/v2\/media\/17809"}],"wp:attachment":[{"href":"https:\/\/sgpsolucoes.com.br\/site\/wp-json\/wp\/v2\/media?parent=4592"}],"wp:term":[{"taxonomy":"product_brand","embeddable":true,"href":"https:\/\/sgpsolucoes.com.br\/site\/wp-json\/wp\/v2\/product_brand?post=4592"},{"taxonomy":"product_cat","embeddable":true,"href":"https:\/\/sgpsolucoes.com.br\/site\/wp-json\/wp\/v2\/product_cat?post=4592"},{"taxonomy":"product_tag","embeddable":true,"href":"https:\/\/sgpsolucoes.com.br\/site\/wp-json\/wp\/v2\/product_tag?post=4592"}],"curies":[{"name":"wp","href":"https:\/\/api.w.org\/{rel}","templated":true}]}}