{"id":591,"date":"2024-04-22T13:30:54","date_gmt":"2024-04-22T13:30:54","guid":{"rendered":"https:\/\/sgpsolucoes.com.br\/site\/?post_type=product&#038;p=591"},"modified":"2026-01-20T23:48:32","modified_gmt":"2026-01-21T02:48:32","slug":"a-boa-gestao-publica-e-o-novo-direito-administrativo","status":"publish","type":"product","link":"https:\/\/sgpsolucoes.com.br\/site\/produto\/a-boa-gestao-publica-e-o-novo-direito-administrativo\/","title":{"rendered":"A Boa Gest\u00e3o P\u00fablica e o Novo Direito Administrativo"},"content":{"rendered":"<p><strong>Informa\u00e7\u00f5es sobre o produto<\/strong><\/p>\n<p>Com o Pref\u00e1cio do Professor Paulo de Bessa Antunes, esta obra apresenta um conte\u00fado inovador, que, de forma preliminar, \u00e9 apresentado como contribui\u00e7\u00e3o no debate referente \u00e0 Agenda 2030, um tema vital para a mudan\u00e7a de paradigma, que a humanidade precisa no \u00e2mbito do combate \u00e0s mudan\u00e7as clim\u00e1ticas e da transi\u00e7\u00e3o energ\u00e9tica indispens\u00e1vel para as futuras gera\u00e7\u00f5es.<\/p>\n<p><strong>Autor(es)<\/strong>:<\/p>\n<p>Carolina Gladyer Rabelo Saches, Gabriela Alves Mendes Blanchet, Humberto Eust\u00e1quio C\u00e9sar Mota Filho, K\u00e1tia Santos, Jos\u00e9 Francisco Lumango, Renata Andrade Vilarinho, Tatiana Bastos e Vanessa Cerqueira Reis de Carvalho.<\/p>\n<p><strong>Organiza\u00e7\u00e3o:<\/strong><\/p>\n<p>Humberto Eust\u00e1quio C\u00e9sar Mota Filho, Vanessa Cerqueira Reis de Carvalho e Jos\u00e9 Francisco Lumango.<\/p>\n\n    <div class=\"xs_social_share_widget xs_share_url after_content \t\tmain_content  wslu-style-1 wslu-share-box-shaped wslu-fill-colored wslu-none wslu-share-horizontal wslu-theme-font-no wslu-main_content\">\n\n\t\t\n        <ul>\n\t\t\t        <\/ul>\n    <\/div> \n","protected":false},"excerpt":{"rendered":"<p>Esta importante obra jur\u00eddica, com pref\u00e1cio do Professor Jess\u00e9 Torres Pereira Junior, caracteriza-se n\u00e3o simplesmente como algo te\u00f3rico e\/ou acad\u00eamico, mas, sim, como mais uma de nossas Solu\u00e7\u00f5es pr\u00e1ticas, com muita seguran\u00e7a jur\u00eddica e que verdadeiramente contribuir\u00e1 na tomada de decis\u00e3o dos agentes p\u00fablicos. S\u00e3o mais de 30 autores do segmento participando!<\/p>\n","protected":false},"featured_media":2547,"comment_status":"open","ping_status":"closed","template":"","meta":{"postBodyCss":"","postBodyMargin":[],"postBodyPadding":[],"postBodyBackground":{"backgroundType":"classic","gradient":""},"_price":"370","_stock":"10","_tribe_ticket_header":"","_tribe_default_ticket_provider":"","_tribe_ticket_capacity":"10","_ticket_start_date":"","_ticket_end_date":"","_tribe_ticket_show_description":"","_tribe_ticket_show_not_going":false,"_tribe_ticket_use_global_stock":"","_tribe_ticket_global_stock_level":"","_global_stock_mode":"","_global_stock_cap":"","_tribe_rsvp_for_event":"","_tribe_ticket_going_count":"","_tribe_ticket_not_going_count":"","_tribe_tickets_list":"[]","_tribe_ticket_has_attendee_info_fields":false},"product_brand":[],"product_cat":[28],"product_tag":[],"class_list":{"0":"post-591","1":"product","2":"type-product","3":"status-publish","4":"has-post-thumbnail","6":"product_cat-livros","8":"first","9":"instock","10":"shipping-taxable","11":"purchasable","12":"product-type-simple"},"acf":[],"_links":{"self":[{"href":"https:\/\/sgpsolucoes.com.br\/site\/wp-json\/wp\/v2\/product\/591"}],"collection":[{"href":"https:\/\/sgpsolucoes.com.br\/site\/wp-json\/wp\/v2\/product"}],"about":[{"href":"https:\/\/sgpsolucoes.com.br\/site\/wp-json\/wp\/v2\/types\/product"}],"replies":[{"embeddable":true,"href":"https:\/\/sgpsolucoes.com.br\/site\/wp-json\/wp\/v2\/comments?post=591"}],"wp:featuredmedia":[{"embeddable":true,"href":"https:\/\/sgpsolucoes.com.br\/site\/wp-json\/wp\/v2\/media\/2547"}],"wp:attachment":[{"href":"https:\/\/sgpsolucoes.com.br\/site\/wp-json\/wp\/v2\/media?parent=591"}],"wp:term":[{"taxonomy":"product_brand","embeddable":true,"href":"https:\/\/sgpsolucoes.com.br\/site\/wp-json\/wp\/v2\/product_brand?post=591"},{"taxonomy":"product_cat","embeddable":true,"href":"https:\/\/sgpsolucoes.com.br\/site\/wp-json\/wp\/v2\/product_cat?post=591"},{"taxonomy":"product_tag","embeddable":true,"href":"https:\/\/sgpsolucoes.com.br\/site\/wp-json\/wp\/v2\/product_tag?post=591"}],"curies":[{"name":"wp","href":"https:\/\/api.w.org\/{rel}","templated":true}]}}