{"id":593,"date":"2024-04-22T13:35:20","date_gmt":"2024-04-22T13:35:20","guid":{"rendered":"https:\/\/sgpsolucoes.com.br\/site\/?post_type=product&#038;p=593"},"modified":"2026-04-11T22:14:52","modified_gmt":"2026-04-12T01:14:52","slug":"a-boa-gestao-publica-e-o-novo-direito-administrativo-copia","status":"publish","type":"product","link":"https:\/\/sgpsolucoes.com.br\/site\/produto\/a-boa-gestao-publica-e-o-novo-direito-administrativo-copia\/","title":{"rendered":"Termo de Refer\u00eancia nas Licita\u00e7\u00f5es e Contrata\u00e7\u00f5es P\u00fablicas"},"content":{"rendered":"<p><strong>Informa\u00e7\u00f5es sobre o produto<\/strong><\/p>\n<p>Nesta obra, a abordagem encontra-se dentro do contexto da nova Lei de Licita\u00e7\u00f5es (Lei n\u00ba 14.133\/2021), sendo que os autores discorrem sobre o assunto demarcando-lhe um campo gen\u00e9rico (panorama geral, planejamento, delimita\u00e7\u00e3o tem\u00e1tica), num primeiro instante, para depois avan\u00e7ar sobre as suas normas de reg\u00eancia, obrigatoriedade (ou facultatividade), funcionalidades, conte\u00fados e essencialidades.<\/p>\n<p><strong>Autor(es):<\/strong><\/p>\n<p>Jair Eduardo Santana, Tatiana Camar\u00e3o e Anna Carla Duarte Chrispim.<\/p>\n\n    <div class=\"xs_social_share_widget xs_share_url after_content \t\tmain_content  wslu-style-1 wslu-share-box-shaped wslu-fill-colored wslu-none wslu-share-horizontal wslu-theme-font-no wslu-main_content\">\n\n\t\t\n        <ul>\n\t\t\t        <\/ul>\n    <\/div> \n","protected":false},"excerpt":{"rendered":"<p>Esta obra, totalmente nova e pioneira, trata especificamente do Termo de Refer\u00eancia, que \u00e9 um documento extremamente importante e indispens\u00e1vel para as compras p\u00fablicas, n\u00e3o se caracterizando como uma mera formalidade a ser cumprida.<\/p>\n","protected":false},"featured_media":2552,"comment_status":"open","ping_status":"closed","template":"","meta":{"postBodyCss":"","postBodyMargin":[],"postBodyPadding":[],"postBodyBackground":{"backgroundType":"classic","gradient":""},"_price":"288","_stock":"4","_tribe_ticket_header":"","_tribe_default_ticket_provider":"","_tribe_ticket_capacity":"10","_ticket_start_date":"","_ticket_end_date":"","_tribe_ticket_show_description":"","_tribe_ticket_show_not_going":false,"_tribe_ticket_use_global_stock":"","_tribe_ticket_global_stock_level":"","_global_stock_mode":"","_global_stock_cap":"","_tribe_rsvp_for_event":"","_tribe_ticket_going_count":"","_tribe_ticket_not_going_count":"","_tribe_tickets_list":"[]","_tribe_ticket_has_attendee_info_fields":false},"product_brand":[],"product_cat":[28],"product_tag":[],"class_list":{"0":"post-593","1":"product","2":"type-product","3":"status-publish","4":"has-post-thumbnail","6":"product_cat-livros","8":"first","9":"instock","10":"shipping-taxable","11":"purchasable","12":"product-type-simple"},"acf":[],"_links":{"self":[{"href":"https:\/\/sgpsolucoes.com.br\/site\/wp-json\/wp\/v2\/product\/593"}],"collection":[{"href":"https:\/\/sgpsolucoes.com.br\/site\/wp-json\/wp\/v2\/product"}],"about":[{"href":"https:\/\/sgpsolucoes.com.br\/site\/wp-json\/wp\/v2\/types\/product"}],"replies":[{"embeddable":true,"href":"https:\/\/sgpsolucoes.com.br\/site\/wp-json\/wp\/v2\/comments?post=593"}],"wp:featuredmedia":[{"embeddable":true,"href":"https:\/\/sgpsolucoes.com.br\/site\/wp-json\/wp\/v2\/media\/2552"}],"wp:attachment":[{"href":"https:\/\/sgpsolucoes.com.br\/site\/wp-json\/wp\/v2\/media?parent=593"}],"wp:term":[{"taxonomy":"product_brand","embeddable":true,"href":"https:\/\/sgpsolucoes.com.br\/site\/wp-json\/wp\/v2\/product_brand?post=593"},{"taxonomy":"product_cat","embeddable":true,"href":"https:\/\/sgpsolucoes.com.br\/site\/wp-json\/wp\/v2\/product_cat?post=593"},{"taxonomy":"product_tag","embeddable":true,"href":"https:\/\/sgpsolucoes.com.br\/site\/wp-json\/wp\/v2\/product_tag?post=593"}],"curies":[{"name":"wp","href":"https:\/\/api.w.org\/{rel}","templated":true}]}}