{"id":594,"date":"2024-04-22T13:35:42","date_gmt":"2024-04-22T13:35:42","guid":{"rendered":"https:\/\/sgpsolucoes.com.br\/site\/?post_type=product&#038;p=594"},"modified":"2026-01-01T00:02:09","modified_gmt":"2026-01-01T03:02:09","slug":"decisoes-conscientes-empresas-resilientes","status":"publish","type":"product","link":"https:\/\/sgpsolucoes.com.br\/site\/produto\/decisoes-conscientes-empresas-resilientes\/","title":{"rendered":"Decis\u00f5es Conscientes Empresas Resilientes"},"content":{"rendered":"<p><strong>Informa\u00e7\u00f5es sobre o produto<\/strong><\/p>\n<p>No mundo contempor\u00e2neo, a boa governan\u00e7a \u00e9 fundamental para garantir a sustentabilidade organizacional. Dentro desse contexto, a obra de Humberto Mota Filho, pelo seu pioneirismo, constitui leitura obrigat\u00f3ria para executivos, advogados, pesquisadores, estudantes e profissionais de diversas \u00e1reas do pensamento cient\u00edfico que desejam adotar uma postura mais moderna e proativa\u201d. Marcelo Zenkner, Ex-Diretor de Governan\u00e7a e Conformidade da Petrobras<\/p>\n<p>O autor nos oferece uma importante contribui\u00e7\u00e3o para que o futuro da nossa sociedade seja encarado com esperan\u00e7a de melhores dias. Seu livro amarra bem a estrutura que as empresas devem construir em torno dos seus sistemas de gest\u00e3o e governan\u00e7a, atuando com respeito \u00e0s disposi\u00e7\u00f5es do compliance\u201d. Jos\u00e9 Luiz Alqu\u00e9res, Ex-Presidente da Associa\u00e7\u00e3o Comercial do Rio de Janeiro. Conselheiro do Centro Brasileiro para o Desenvolvimento Sustent\u00e1vel<\/p>\n<p>Profundo estudioso do tema, o autor nos convida a uma reflex\u00e3o propositiva de como os setores p\u00fablico e privado podem atuar na constru\u00e7\u00e3o de um ambiente \u00edntegro. Decis\u00f5es Conscientes, Empresas Resilientes, obra fluida, com vasta fundamenta\u00e7\u00e3o te\u00f3rica, amplia a vis\u00e3o do leitor de como a integridade pode aprimorar a tomada de decis\u00f5es e impactar na longevidade das organiza\u00e7\u00f5es\u201d. Suzana Fagundes Ribeiro de Oliveira, Diretora Jur\u00eddica e de Rela\u00e7\u00f5es Institucionais da Localiza<\/p>\n<p>O livro do Prof. Mota Filho, al\u00e9m de muito consistente, \u00e9 extremamente oportuno. O autor, com sua m\u00faltipla forma\u00e7\u00e3o (direito, economia e ci\u00eancia pol\u00edtica), nos brinda com um instrumental rico e moderno que, certamente, vai contribuir em muito para a moderniza\u00e7\u00e3o das empresas brasileiras\u201d. Prof. Dr. Geraldo Tadeu Moreira Monteiro, Diretor do Centro Brasileiro de Estudo e Pesquisas sobre a Democracia &#8211; CEBRAD\/UERJ<\/p>\n<p>Humberto Mota Filho vem se revelando como uma lideran\u00e7a consciente, imprescind\u00edvel. Um incans\u00e1vel mission\u00e1rio. Nesse livro nos estimula a refletir, al\u00e9m da superficialidade, t\u00e3o comum, hoje. Prof. Francisco Gomes de Matos, Autor do livro Cultura de Lideran\u00e7a, Carismas e Par\u00e1bolas Corporativas<\/p>\n<p><strong>Autor(es):<\/strong><\/p>\n<p>Humberto Mota Filho<\/p>\n\n    <div class=\"xs_social_share_widget xs_share_url after_content \t\tmain_content  wslu-style-1 wslu-share-box-shaped wslu-fill-colored wslu-none wslu-share-horizontal wslu-theme-font-no wslu-main_content\">\n\n\t\t\n        <ul>\n\t\t\t        <\/ul>\n    <\/div> \n","protected":false},"excerpt":{"rendered":"<p>Uma obra que veio para revolucionar o mercado empresarial, bem como todo o Poder P\u00fablico, que busca com cada vez mais intensidade uma Administra\u00e7\u00e3o Gerencial eficiente, moderna e eficaz.<\/p>\n","protected":false},"featured_media":2549,"comment_status":"open","ping_status":"closed","template":"","meta":{"postBodyCss":"","postBodyMargin":[],"postBodyPadding":[],"postBodyBackground":{"backgroundType":"classic","gradient":""},"_price":"145","_stock":"10","_tribe_ticket_header":"","_tribe_default_ticket_provider":"","_tribe_ticket_capacity":"10","_ticket_start_date":"","_ticket_end_date":"","_tribe_ticket_show_description":"","_tribe_ticket_show_not_going":false,"_tribe_ticket_use_global_stock":"","_tribe_ticket_global_stock_level":"","_global_stock_mode":"","_global_stock_cap":"","_tribe_rsvp_for_event":"","_tribe_ticket_going_count":"","_tribe_ticket_not_going_count":"","_tribe_tickets_list":"[]","_tribe_ticket_has_attendee_info_fields":false},"product_brand":[],"product_cat":[28],"product_tag":[],"class_list":{"0":"post-594","1":"product","2":"type-product","3":"status-publish","4":"has-post-thumbnail","6":"product_cat-livros","8":"first","9":"instock","10":"shipping-taxable","11":"purchasable","12":"product-type-simple"},"acf":[],"_links":{"self":[{"href":"https:\/\/sgpsolucoes.com.br\/site\/wp-json\/wp\/v2\/product\/594"}],"collection":[{"href":"https:\/\/sgpsolucoes.com.br\/site\/wp-json\/wp\/v2\/product"}],"about":[{"href":"https:\/\/sgpsolucoes.com.br\/site\/wp-json\/wp\/v2\/types\/product"}],"replies":[{"embeddable":true,"href":"https:\/\/sgpsolucoes.com.br\/site\/wp-json\/wp\/v2\/comments?post=594"}],"wp:featuredmedia":[{"embeddable":true,"href":"https:\/\/sgpsolucoes.com.br\/site\/wp-json\/wp\/v2\/media\/2549"}],"wp:attachment":[{"href":"https:\/\/sgpsolucoes.com.br\/site\/wp-json\/wp\/v2\/media?parent=594"}],"wp:term":[{"taxonomy":"product_brand","embeddable":true,"href":"https:\/\/sgpsolucoes.com.br\/site\/wp-json\/wp\/v2\/product_brand?post=594"},{"taxonomy":"product_cat","embeddable":true,"href":"https:\/\/sgpsolucoes.com.br\/site\/wp-json\/wp\/v2\/product_cat?post=594"},{"taxonomy":"product_tag","embeddable":true,"href":"https:\/\/sgpsolucoes.com.br\/site\/wp-json\/wp\/v2\/product_tag?post=594"}],"curies":[{"name":"wp","href":"https:\/\/api.w.org\/{rel}","templated":true}]}}