{"id":595,"date":"2024-04-22T13:35:50","date_gmt":"2024-04-22T13:35:50","guid":{"rendered":"https:\/\/sgpsolucoes.com.br\/site\/?post_type=product&#038;p=595"},"modified":"2026-03-06T23:30:02","modified_gmt":"2026-03-07T02:30:02","slug":"agenda-2030-direito-e-desenvolvimento-sustentavel-governanca-sociedade-e-meio-ambiente","status":"publish","type":"product","link":"https:\/\/sgpsolucoes.com.br\/site\/produto\/agenda-2030-direito-e-desenvolvimento-sustentavel-governanca-sociedade-e-meio-ambiente\/","title":{"rendered":"Agenda 2030 &#8211; Direito e Desenvolvimento Sustent\u00e1vel: governan\u00e7a, sociedade e meio ambiente"},"content":{"rendered":"<p><strong>Informa\u00e7\u00f5es sobre o produto<\/strong><\/p>\n<p>Com o Pref\u00e1cio do Professor Paulo de Bessa Antunes, esta obra apresenta um conte\u00fado inovador, que, de forma preliminar, \u00e9 apresentado como contribui\u00e7\u00e3o no debate referente \u00e0 Agenda 2030, um tema vital para a mudan\u00e7a de paradigma, que a humanidade precisa no \u00e2mbito do combate \u00e0s mudan\u00e7as clim\u00e1ticas e da transi\u00e7\u00e3o energ\u00e9tica indispens\u00e1vel para as futuras gera\u00e7\u00f5es.<\/p>\n<p><strong>Autor(es):<\/strong><\/p>\n<p>Carolina Gladyer Rabelo Saches, Gabriela Alves Mendes Blanchet, Humberto Eust\u00e1quio C\u00e9sar Mota Filho, K\u00e1tia Santos, Jos\u00e9 Francisco Lumango, Renata Andrade Vilarinho, Tatiana Bastos e Vanessa Cerqueira Reis de Carvalho.<\/p>\n<p><strong>Organiza\u00e7\u00e3o:<\/strong><\/p>\n<p>Humberto Eust\u00e1quio C\u00e9sar Mota Filho, Vanessa Cerqueira Reis de Carvalho e Jos\u00e9 Francisco Lumango.<\/p>\n\n    <div class=\"xs_social_share_widget xs_share_url after_content \t\tmain_content  wslu-style-1 wslu-share-box-shaped wslu-fill-colored wslu-none wslu-share-horizontal wslu-theme-font-no wslu-main_content\">\n\n\t\t\n        <ul>\n\t\t\t        <\/ul>\n    <\/div> \n","protected":false},"excerpt":{"rendered":"<p>Conhe\u00e7a as principais quest\u00f5es da Agenda de Sustentabilidade do s\u00e9c. XXI, em fun\u00e7\u00e3o do Acordo de Paris (2015) e da Agenda 2030 da Resolu\u00e7\u00e3o da ONU, tratando das 17 metas dos Objetivos de Desenvolvimento Sustent\u00e1vel (ODS).<\/p>\n","protected":false},"featured_media":2546,"comment_status":"open","ping_status":"closed","template":"","meta":{"postBodyCss":"","postBodyMargin":[],"postBodyPadding":[],"postBodyBackground":{"backgroundType":"classic","gradient":""},"_price":"160","_stock":"10","_tribe_ticket_header":"","_tribe_default_ticket_provider":"","_tribe_ticket_capacity":"10","_ticket_start_date":"","_ticket_end_date":"","_tribe_ticket_show_description":"","_tribe_ticket_show_not_going":false,"_tribe_ticket_use_global_stock":"","_tribe_ticket_global_stock_level":"","_global_stock_mode":"","_global_stock_cap":"","_tribe_rsvp_for_event":"","_tribe_ticket_going_count":"","_tribe_ticket_not_going_count":"","_tribe_tickets_list":"[]","_tribe_ticket_has_attendee_info_fields":false},"product_brand":[],"product_cat":[28],"product_tag":[],"class_list":{"0":"post-595","1":"product","2":"type-product","3":"status-publish","4":"has-post-thumbnail","6":"product_cat-livros","8":"first","9":"instock","10":"shipping-taxable","11":"purchasable","12":"product-type-simple"},"acf":[],"_links":{"self":[{"href":"https:\/\/sgpsolucoes.com.br\/site\/wp-json\/wp\/v2\/product\/595"}],"collection":[{"href":"https:\/\/sgpsolucoes.com.br\/site\/wp-json\/wp\/v2\/product"}],"about":[{"href":"https:\/\/sgpsolucoes.com.br\/site\/wp-json\/wp\/v2\/types\/product"}],"replies":[{"embeddable":true,"href":"https:\/\/sgpsolucoes.com.br\/site\/wp-json\/wp\/v2\/comments?post=595"}],"wp:featuredmedia":[{"embeddable":true,"href":"https:\/\/sgpsolucoes.com.br\/site\/wp-json\/wp\/v2\/media\/2546"}],"wp:attachment":[{"href":"https:\/\/sgpsolucoes.com.br\/site\/wp-json\/wp\/v2\/media?parent=595"}],"wp:term":[{"taxonomy":"product_brand","embeddable":true,"href":"https:\/\/sgpsolucoes.com.br\/site\/wp-json\/wp\/v2\/product_brand?post=595"},{"taxonomy":"product_cat","embeddable":true,"href":"https:\/\/sgpsolucoes.com.br\/site\/wp-json\/wp\/v2\/product_cat?post=595"},{"taxonomy":"product_tag","embeddable":true,"href":"https:\/\/sgpsolucoes.com.br\/site\/wp-json\/wp\/v2\/product_tag?post=595"}],"curies":[{"name":"wp","href":"https:\/\/api.w.org\/{rel}","templated":true}]}}