{"id":8257,"date":"2025-02-24T12:15:34","date_gmt":"2025-02-24T15:15:34","guid":{"rendered":"https:\/\/sgpsolucoes.com.br\/site\/?post_type=product&#038;p=8257"},"modified":"2026-01-01T00:02:09","modified_gmt":"2026-01-01T03:02:09","slug":"elementos-da-intervencao-do-estado-na-propriedade-com-enfase-na-desapropriacao-urbanistica","status":"publish","type":"product","link":"https:\/\/sgpsolucoes.com.br\/site\/produto\/elementos-da-intervencao-do-estado-na-propriedade-com-enfase-na-desapropriacao-urbanistica\/","title":{"rendered":"Elementos da Interven\u00e7\u00e3o do Estado na Propriedade com \u00canfase na Desapropria\u00e7\u00e3o Urban\u00edstica"},"content":{"rendered":"<p><strong>Informa\u00e7\u00f5es sobre o produto<\/strong><\/p>\n<p>Trata-se de um trabalho relevante para o campo do Direito Administrativo brasileiro, especialmente no que tange \u00e0 interven\u00e7\u00e3o do Estado na propriedade e \u00e0 desapropria\u00e7\u00e3o urban\u00edstica.<\/p>\n<p>A interven\u00e7\u00e3o do Estado na propriedade \u00e9 um dos pilares do Direito Administrativo moderno, especialmente em pa\u00edses como o Brasil, que possuem um arcabou\u00e7o constitucional fortemente voltado \u00e0 prote\u00e7\u00e3o dos interesses coletivos e \u00e0 fun\u00e7\u00e3o social da propriedade, sendo tal tem\u00e1tica abordada com precis\u00e3o e profundidade pelo autor, a fim de proporcionar uma an\u00e1lise t\u00e9cnica e detalhada sobre os fundamentos principiol\u00f3gicos e as modalidades dessa interven\u00e7\u00e3o.<\/p>\n<p>O trabalho \u00e9 voltado tanto para profissionais do direito quanto para gestores p\u00fablicos e estudiosos do urbanismo, pois equilibra de forma exemplar teoria e pr\u00e1tica, abordando desde os fundamentos legais at\u00e9 os desafios pr\u00e1ticos na aplica\u00e7\u00e3o das pol\u00edticas de desapropria\u00e7\u00e3o. Trata-se de um livro indispens\u00e1vel para aqueles que almejam aprofundar-se no estudo do Direito Administrativo e suas implica\u00e7\u00f5es na constru\u00e7\u00e3o de cidades mais equilibradas e socialmente justas.<\/p>\n<p><strong>Autor(es):<\/strong><\/p>\n<p>Caio M\u00e1rio Lana Cavalcante<\/p>\n\n    <div class=\"xs_social_share_widget xs_share_url after_content \t\tmain_content  wslu-style-1 wslu-share-box-shaped wslu-fill-colored wslu-none wslu-share-horizontal wslu-theme-font-no wslu-main_content\">\n\n\t\t\n        <ul>\n\t\t\t        <\/ul>\n    <\/div> \n","protected":false},"excerpt":{"rendered":"<p>Trata-se de um trabalho relevante para o campo do Direito Administrativo brasileiro, especialmente no que tange \u00e0 interven\u00e7\u00e3o do Estado na propriedade e \u00e0 desapropria\u00e7\u00e3o urban\u00edstica.<\/p>\n","protected":false},"featured_media":8258,"comment_status":"open","ping_status":"closed","template":"","meta":{"postBodyCss":"","postBodyMargin":[],"postBodyPadding":[],"postBodyBackground":{"backgroundType":"classic","gradient":""},"_price":"110","_stock":"7","_tribe_ticket_header":"","_tribe_default_ticket_provider":"","_tribe_ticket_capacity":"10","_ticket_start_date":"","_ticket_end_date":"","_tribe_ticket_show_description":"","_tribe_ticket_show_not_going":false,"_tribe_ticket_use_global_stock":"","_tribe_ticket_global_stock_level":"","_global_stock_mode":"","_global_stock_cap":"","_tribe_rsvp_for_event":"","_tribe_ticket_going_count":"","_tribe_ticket_not_going_count":"","_tribe_tickets_list":"[]","_tribe_ticket_has_attendee_info_fields":false},"product_brand":[],"product_cat":[28],"product_tag":[],"class_list":{"0":"post-8257","1":"product","2":"type-product","3":"status-publish","4":"has-post-thumbnail","6":"product_cat-livros","8":"first","9":"instock","10":"shipping-taxable","11":"purchasable","12":"product-type-simple"},"acf":[],"_links":{"self":[{"href":"https:\/\/sgpsolucoes.com.br\/site\/wp-json\/wp\/v2\/product\/8257"}],"collection":[{"href":"https:\/\/sgpsolucoes.com.br\/site\/wp-json\/wp\/v2\/product"}],"about":[{"href":"https:\/\/sgpsolucoes.com.br\/site\/wp-json\/wp\/v2\/types\/product"}],"replies":[{"embeddable":true,"href":"https:\/\/sgpsolucoes.com.br\/site\/wp-json\/wp\/v2\/comments?post=8257"}],"wp:featuredmedia":[{"embeddable":true,"href":"https:\/\/sgpsolucoes.com.br\/site\/wp-json\/wp\/v2\/media\/8258"}],"wp:attachment":[{"href":"https:\/\/sgpsolucoes.com.br\/site\/wp-json\/wp\/v2\/media?parent=8257"}],"wp:term":[{"taxonomy":"product_brand","embeddable":true,"href":"https:\/\/sgpsolucoes.com.br\/site\/wp-json\/wp\/v2\/product_brand?post=8257"},{"taxonomy":"product_cat","embeddable":true,"href":"https:\/\/sgpsolucoes.com.br\/site\/wp-json\/wp\/v2\/product_cat?post=8257"},{"taxonomy":"product_tag","embeddable":true,"href":"https:\/\/sgpsolucoes.com.br\/site\/wp-json\/wp\/v2\/product_tag?post=8257"}],"curies":[{"name":"wp","href":"https:\/\/api.w.org\/{rel}","templated":true}]}}