{"id":9249,"date":"2025-03-12T12:53:23","date_gmt":"2025-03-12T15:53:23","guid":{"rendered":"https:\/\/sgpsolucoes.com.br\/site\/?post_type=product&#038;p=9249"},"modified":"2026-03-17T11:58:40","modified_gmt":"2026-03-17T14:58:40","slug":"03-e-04-06-treinamento-pratico-da-nova-lei-de-licitacoes-nos-processos-de-contratacao-direta","status":"publish","type":"product","link":"https:\/\/sgpsolucoes.com.br\/site\/produto\/03-e-04-06-treinamento-pratico-da-nova-lei-de-licitacoes-nos-processos-de-contratacao-direta\/","title":{"rendered":"03 e 04\/06 &#8211; Treinamento Pr\u00e1tico da nova Lei de Licita\u00e7\u00f5es nos Processos de Contrata\u00e7\u00e3o Direta (Dispensa e Inexigibilidade)"},"content":{"rendered":"<p><strong>On-line &#8211; Dias 03 e 04 de Junho de 2026<\/strong><br \/>\n<strong>Carga hor\u00e1ria:<\/strong> 8 horas ( Divididos em dois dias de 4h )<br \/>\n<strong>Hor\u00e1rio do curso:<\/strong> 08h30 \u00e0s 12h30<\/p>\n<p><strong>Professor confirmado no evento: Gilberto Oliveira<\/strong><\/p>\n<p><strong>Objetivo:<\/strong><\/p>\n<p>Apresentar de forma pr\u00e1tica como os processos de contrata\u00e7\u00e3o direta devem ser instaurados e instrumentalizados, analisar cada hip\u00f3tese de dispensa e inexigibilidade de licita\u00e7\u00e3o, com discuss\u00e3o de casos concretos e quest\u00f5es pr\u00e1ticas, apresentando, sempre que poss\u00edvel, a recente jurisprud\u00eancia dos Tribunais, a fim de viabilizar a aplicabilidade adequada e imediata da nova Lei de Licita\u00e7\u00f5es (Lei n\u00b0 14.133\/2021), nos processos de contrata\u00e7\u00e3o direta a serem instaurados pela Administra\u00e7\u00e3o P\u00fablica.<\/p>\n<p><strong>P\u00fablico-alvo:<\/strong><\/p>\n<ul>\n<li><em>agentes atuantes na fase preparat\u00f3ria dos processos de contrata\u00e7\u00e3o;<\/em><\/li>\n<li><em>agentes respons\u00e1veis pela condu\u00e7\u00e3o dos processos de contrata\u00e7\u00e3o direta;<\/em><\/li>\n<li><em>integrantes de setores de licita\u00e7\u00f5es e contratos;<\/em><\/li>\n<li><em>integrantes de setores de compras e contrata\u00e7\u00f5es;<\/em><\/li>\n<li><em>assessores jur\u00eddicos, procuradores e advogados;<\/em><\/li>\n<li><em>gestores p\u00fablicos;<\/em><\/li>\n<li><em>todo agente p\u00fablico envolvido, direta ou indiretamente, em processos de contrata\u00e7\u00e3o pela Administra\u00e7\u00e3o P\u00fablica em geral;<\/em><\/li>\n<li><em>todo e qualquer profissional que atue ou pretenda atuar, direta ou indiretamente, com o tema.<\/em><\/li>\n<\/ul>\n\n    <div class=\"xs_social_share_widget xs_share_url after_content \t\tmain_content  wslu-style-1 wslu-share-box-shaped wslu-fill-colored wslu-none wslu-share-horizontal wslu-theme-font-no wslu-main_content\">\n\n\t\t\n        <ul>\n\t\t\t        <\/ul>\n    <\/div> \n","protected":false},"excerpt":{"rendered":"<p><strong>Conte\u00fado Program\u00e1tico Resumido<\/strong><\/p>\n<ul>\n<li>Contrata\u00e7\u00e3o direta: <em>regra<\/em> ou <em>exce\u00e7\u00e3o<\/em>?<\/li>\n<li>Diferencia\u00e7\u00e3o entre licita\u00e7\u00e3o dispensada, dispens\u00e1vel e inexig\u00edvel<\/li>\n<li>Como instrumentalizar adequadamente um processo de contrata\u00e7\u00e3o<\/li>\n<li>Import\u00e2ncia do Plano de Contrata\u00e7\u00f5es Anual (PCA)<\/li>\n<li>Qual \u00e9 o documento que formaliza a demanda?<\/li>\n<li>Quando \u00e9 necess\u00e1rio o Estudo T\u00e9cnico Preliminar \u2013 ETP e qual o seu conte\u00fado?<\/li>\n<li>Como analisar os riscos? O mapa de riscos seria mais um documento a integrar o processo?<\/li>\n<li>Distin\u00e7\u00e3o entre termo de refer\u00eancia, projeto b\u00e1sico e projeto<\/li>\n<li>Como realizar adequadamente a estimativa de despesa<\/li>\n<li>Distin\u00e7\u00e3o entre parecer jur\u00eddico e parecer t\u00e9cnicos. Quando ser\u00e3o devidos?<\/li>\n<\/ul>\n<p>Quer o Conte\u00fado Program\u00e1tico Completo? <span style=\"color: #0000ff;\"><a style=\"color: #0000ff;\" href=\"https:\/\/sgpsolucoes.com.br\/site\/solicitacao-do-conteudo-programatico-completo\/\" target=\"_blank\" rel=\"noopener\">Clique aqui<\/a><\/span> para solicitar!<\/p>\n","protected":false},"featured_media":17740,"comment_status":"open","ping_status":"closed","template":"","meta":{"postBodyCss":"","postBodyMargin":[],"postBodyPadding":[],"postBodyBackground":{"backgroundType":"classic","gradient":""},"_price":"1780","_stock":"","_tribe_ticket_header":"","_tribe_default_ticket_provider":"","_tribe_ticket_capacity":"0","_ticket_start_date":"","_ticket_end_date":"","_tribe_ticket_show_description":"","_tribe_ticket_show_not_going":false,"_tribe_ticket_use_global_stock":"","_tribe_ticket_global_stock_level":"","_global_stock_mode":"","_global_stock_cap":"","_tribe_rsvp_for_event":"","_tribe_ticket_going_count":"","_tribe_ticket_not_going_count":"","_tribe_tickets_list":"[]","_tribe_ticket_has_attendee_info_fields":false},"product_brand":[],"product_cat":[36,1325],"product_tag":[],"class_list":{"0":"post-9249","1":"product","2":"type-product","3":"status-publish","4":"has-post-thumbnail","6":"product_cat-treinamentos","7":"product_cat-junho-online","9":"first","10":"instock","11":"virtual","12":"purchasable","13":"product-type-simple"},"acf":[],"_links":{"self":[{"href":"https:\/\/sgpsolucoes.com.br\/site\/wp-json\/wp\/v2\/product\/9249"}],"collection":[{"href":"https:\/\/sgpsolucoes.com.br\/site\/wp-json\/wp\/v2\/product"}],"about":[{"href":"https:\/\/sgpsolucoes.com.br\/site\/wp-json\/wp\/v2\/types\/product"}],"replies":[{"embeddable":true,"href":"https:\/\/sgpsolucoes.com.br\/site\/wp-json\/wp\/v2\/comments?post=9249"}],"wp:featuredmedia":[{"embeddable":true,"href":"https:\/\/sgpsolucoes.com.br\/site\/wp-json\/wp\/v2\/media\/17740"}],"wp:attachment":[{"href":"https:\/\/sgpsolucoes.com.br\/site\/wp-json\/wp\/v2\/media?parent=9249"}],"wp:term":[{"taxonomy":"product_brand","embeddable":true,"href":"https:\/\/sgpsolucoes.com.br\/site\/wp-json\/wp\/v2\/product_brand?post=9249"},{"taxonomy":"product_cat","embeddable":true,"href":"https:\/\/sgpsolucoes.com.br\/site\/wp-json\/wp\/v2\/product_cat?post=9249"},{"taxonomy":"product_tag","embeddable":true,"href":"https:\/\/sgpsolucoes.com.br\/site\/wp-json\/wp\/v2\/product_tag?post=9249"}],"curies":[{"name":"wp","href":"https:\/\/api.w.org\/{rel}","templated":true}]}}